{"id":8531,"date":"2023-03-09T14:20:02","date_gmt":"2023-03-09T11:20:02","guid":{"rendered":"https:\/\/montenegrodolphinresearch.org\/education\/"},"modified":"2025-06-18T16:35:58","modified_gmt":"2025-06-18T13:35:58","slug":"education","status":"publish","type":"page","link":"https:\/\/montenegrodolphinresearch.org\/me\/education\/","title":{"rendered":"Edukacija"},"content":{"rendered":"\t\t<div data-elementor-type=\"wp-page\" data-elementor-id=\"8531\" class=\"elementor elementor-8531\" data-elementor-post-type=\"page\">\n\t\t\t\t\t\t<section class=\"elementor-section elementor-top-section elementor-element elementor-element-133cae1 elementor-section-boxed elementor-section-height-default elementor-section-height-default wpr-sticky-section-no\" data-id=\"133cae1\" data-element_type=\"section\">\n\t\t\t\t\t\t<div class=\"elementor-container elementor-column-gap-default\">\n\t\t\t\t\t<div class=\"elementor-column elementor-col-16 elementor-top-column elementor-element elementor-element-2dd9319\" data-id=\"2dd9319\" data-element_type=\"column\">\n\t\t\t<div class=\"elementor-widget-wrap\">\n\t\t\t\t\t\t\t<\/div>\n\t\t<\/div>\n\t\t\t\t<div class=\"elementor-column elementor-col-66 elementor-top-column elementor-element elementor-element-542f28d\" data-id=\"542f28d\" data-element_type=\"column\">\n\t\t\t<div class=\"elementor-widget-wrap elementor-element-populated\">\n\t\t\t\t\t\t<div class=\"elementor-element elementor-element-3c25208 elementor-widget elementor-widget-elementskit-heading\" data-id=\"3c25208\" data-element_type=\"widget\" data-widget_type=\"elementskit-heading.default\">\n\t\t\t\t<div class=\"elementor-widget-container\">\n\t\t\t\t\t<div class=\"ekit-wid-con\" ><div class=\"ekit-heading elementskit-section-title-wraper text_center   ekit_heading_tablet-   ekit_heading_mobile-\"><h1 class=\"ekit-heading--title elementskit-section-title \">EDUKACIJA<\/h1><div class=\"ekit_heading_separetor_wraper ekit_heading_elementskit-border-divider ekit-dotted\"><div class=\"elementskit-border-divider ekit-dotted\"><\/div><\/div><\/div><\/div>\t\t\t\t<\/div>\n\t\t\t\t<\/div>\n\t\t\t\t\t<\/div>\n\t\t<\/div>\n\t\t\t\t<div class=\"elementor-column elementor-col-16 elementor-top-column elementor-element elementor-element-b07f258\" data-id=\"b07f258\" data-element_type=\"column\">\n\t\t\t<div class=\"elementor-widget-wrap\">\n\t\t\t\t\t\t\t<\/div>\n\t\t<\/div>\n\t\t\t\t\t<\/div>\n\t\t<\/section>\n\t\t\t\t<section class=\"elementor-section elementor-top-section elementor-element elementor-element-61998d8 elementor-section-boxed elementor-section-height-default elementor-section-height-default wpr-sticky-section-no\" data-id=\"61998d8\" data-element_type=\"section\">\n\t\t\t\t\t\t<div class=\"elementor-container elementor-column-gap-default\">\n\t\t\t\t\t<div class=\"elementor-column elementor-col-100 elementor-top-column elementor-element elementor-element-3a9f23d\" data-id=\"3a9f23d\" data-element_type=\"column\">\n\t\t\t<div class=\"elementor-widget-wrap elementor-element-populated\">\n\t\t\t\t\t\t<section class=\"elementor-section elementor-inner-section elementor-element elementor-element-031b38b elementor-section-boxed elementor-section-height-default elementor-section-height-default wpr-sticky-section-no\" data-id=\"031b38b\" data-element_type=\"section\">\n\t\t\t\t\t\t<div class=\"elementor-container elementor-column-gap-default\">\n\t\t\t\t\t<div class=\"elementor-column elementor-col-50 elementor-inner-column elementor-element elementor-element-ab7bad2\" data-id=\"ab7bad2\" data-element_type=\"column\">\n\t\t\t<div class=\"elementor-widget-wrap elementor-element-populated\">\n\t\t\t\t\t\t<div class=\"elementor-element elementor-element-a042061 wpr-promo-box-style-cover elementor-widget elementor-widget-wpr-promo-box\" data-id=\"a042061\" data-element_type=\"widget\" data-widget_type=\"wpr-promo-box.default\">\n\t\t\t\t<div class=\"elementor-widget-container\">\n\t\t\t\t\t\n\t\t<div class=\"wpr-promo-box wpr-animation-wrap\">\n\n\t\t\t\t\t\t<a class=\"wpr-promo-box-link\" href=\"https:\/\/montenegrodolphinresearch.org\/me\/education\/internships\/\"><\/a>\t\n\t\t\t\t\t\t\t\n\t\t\t\t\t\t\t<div class=\"wpr-promo-box-image\">\n\t\t\t\t\t<div class=\"wpr-promo-box-bg-image wpr-bg-anim-zoom-in wpr-anim-timing-ease-default\" style=\"background-image:url(https:\/\/montenegrodolphinresearch.org\/wp-content\/uploads\/IMG_3075-960w.webp);\"><\/div>\n\t\t\t\t\t<div class=\"wpr-promo-box-bg-overlay wpr-border-anim-jazz\"><\/div>\n\t\t\t\t<\/div>\n\t\t\t\t\t\t\n\t\t\t<div class=\"wpr-promo-box-content\">\n\n\t\t\t\t\n\t\t\t\t<h3 class=\"wpr-promo-box-title\"><span>Praksa<\/span><\/h3>\n\t\t\t\t\t\t\t\t\t<div class=\"wpr-promo-box-description\">\n\t\t\t\t\t\t<p><p>Pridru\u017ei se na\u0161em timu koji kombinuje istra\u017eivanje sa javnim anga\u017emanom za efikasan pristup o\u010duvanju.<\/p><\/p>\t\n\t\t\t\t\t<\/div>\t\t\t\t\t\t\n\t\t\t\t\n\t\t\t\t\t\t\t<\/div>\n\n\t\t\t\t\t<\/div>\n\n\t\t\t\t\t\t<\/div>\n\t\t\t\t<\/div>\n\t\t\t\t\t<\/div>\n\t\t<\/div>\n\t\t\t\t<div class=\"elementor-column elementor-col-50 elementor-inner-column elementor-element elementor-element-8e41e30\" data-id=\"8e41e30\" data-element_type=\"column\">\n\t\t\t<div class=\"elementor-widget-wrap elementor-element-populated\">\n\t\t\t\t\t\t<div class=\"elementor-element elementor-element-1315ca7 wpr-promo-box-style-cover elementor-widget elementor-widget-wpr-promo-box\" data-id=\"1315ca7\" data-element_type=\"widget\" data-widget_type=\"wpr-promo-box.default\">\n\t\t\t\t<div class=\"elementor-widget-container\">\n\t\t\t\t\t\n\t\t<div class=\"wpr-promo-box wpr-animation-wrap\">\n\n\t\t\t\t\t\t<a class=\"wpr-promo-box-link\" href=\"https:\/\/montenegrodolphinresearch.org\/education\/free-qgis-lessons\/\"><\/a>\t\n\t\t\t\t\t\t\t\n\t\t\t\t\t\t\t<div class=\"wpr-promo-box-image\">\n\t\t\t\t\t<div class=\"wpr-promo-box-bg-image wpr-bg-anim-zoom-in wpr-anim-timing-ease-default\" style=\"background-image:url(https:\/\/montenegrodolphinresearch.org\/wp-content\/uploads\/Computer-Top-Coffe_1957_1280_d-640w.webp);\"><\/div>\n\t\t\t\t\t<div class=\"wpr-promo-box-bg-overlay wpr-border-anim-jazz\"><\/div>\n\t\t\t\t<\/div>\n\t\t\t\t\t\t\n\t\t\t<div class=\"wpr-promo-box-content\">\n\n\t\t\t\t\n\t\t\t\t<h3 class=\"wpr-promo-box-title\"><span>Besplatne QGIS lekcije<\/span><\/h3>\n\t\t\t\t\t\t\t\t\t<div class=\"wpr-promo-box-description\">\n\t\t\t\t\t\t<p><p class=\"rteBlock\">QGIS je besplatno, mo\u0107no GIS okru\u017eenje otvorenog koda<\/p><\/p>\t\n\t\t\t\t\t<\/div>\t\t\t\t\t\t\n\t\t\t\t\n\t\t\t\t\t\t\t<\/div>\n\n\t\t\t\t\t<\/div>\n\n\t\t\t\t\t\t<\/div>\n\t\t\t\t<\/div>\n\t\t\t\t\t<\/div>\n\t\t<\/div>\n\t\t\t\t\t<\/div>\n\t\t<\/section>\n\t\t\t\t<section class=\"elementor-section elementor-inner-section elementor-element elementor-element-f4139cd elementor-section-boxed elementor-section-height-default elementor-section-height-default wpr-sticky-section-no\" data-id=\"f4139cd\" data-element_type=\"section\">\n\t\t\t\t\t\t<div class=\"elementor-container elementor-column-gap-default\">\n\t\t\t\t\t<div class=\"elementor-column elementor-col-33 elementor-inner-column elementor-element elementor-element-d0e3906\" data-id=\"d0e3906\" data-element_type=\"column\">\n\t\t\t<div class=\"elementor-widget-wrap\">\n\t\t\t\t\t\t\t<\/div>\n\t\t<\/div>\n\t\t\t\t<div class=\"elementor-column elementor-col-33 elementor-inner-column elementor-element elementor-element-4e389ed\" data-id=\"4e389ed\" data-element_type=\"column\">\n\t\t\t<div class=\"elementor-widget-wrap elementor-element-populated\">\n\t\t\t\t\t\t<div class=\"elementor-element elementor-element-b1e3965 wpr-promo-box-style-cover elementor-widget elementor-widget-wpr-promo-box\" data-id=\"b1e3965\" data-element_type=\"widget\" data-widget_type=\"wpr-promo-box.default\">\n\t\t\t\t<div class=\"elementor-widget-container\">\n\t\t\t\t\t\n\t\t<div class=\"wpr-promo-box wpr-animation-wrap\">\n\n\t\t\t\t\t\t<a class=\"wpr-promo-box-link\" href=\"https:\/\/montenegrodolphinresearch.org\/education\/kids-corner\/\"><\/a>\t\n\t\t\t\t\t\t\t\n\t\t\t\t\t\t\t<div class=\"wpr-promo-box-image\">\n\t\t\t\t\t<div class=\"wpr-promo-box-bg-image wpr-bg-anim-zoom-in wpr-anim-timing-ease-default\" style=\"background-image:url(https:\/\/montenegrodolphinresearch.org\/wp-content\/uploads\/1634222857462-1920w.webp);\"><\/div>\n\t\t\t\t\t<div class=\"wpr-promo-box-bg-overlay wpr-border-anim-jazz\"><\/div>\n\t\t\t\t<\/div>\n\t\t\t\t\t\t\n\t\t\t<div class=\"wpr-promo-box-content\">\n\n\t\t\t\t\n\t\t\t\t<h3 class=\"wpr-promo-box-title\"><span>Kutak za djecu<\/span><\/h3>\n\t\t\t\t\t\t\t\t\t<div class=\"wpr-promo-box-description\">\n\t\t\t\t\t\t<p><p>Organizujemo edukativne ture i imamo mnogo zabavnog i interaktivnog materijala.<\/p><\/p>\t\n\t\t\t\t\t<\/div>\t\t\t\t\t\t\n\t\t\t\t\n\t\t\t\t\t\t\t<\/div>\n\n\t\t\t\t\t<\/div>\n\n\t\t\t\t\t\t<\/div>\n\t\t\t\t<\/div>\n\t\t\t\t\t<\/div>\n\t\t<\/div>\n\t\t\t\t<div class=\"elementor-column elementor-col-33 elementor-inner-column elementor-element elementor-element-a423c0b\" data-id=\"a423c0b\" data-element_type=\"column\">\n\t\t\t<div class=\"elementor-widget-wrap\">\n\t\t\t\t\t\t\t<\/div>\n\t\t<\/div>\n\t\t\t\t\t<\/div>\n\t\t<\/section>\n\t\t\t\t\t<\/div>\n\t\t<\/div>\n\t\t\t\t\t<\/div>\n\t\t<\/section>\n\t\t\t\t<\/div>\n\t\t","protected":false},"excerpt":{"rendered":"<p>EDUKACIJA Praksa Pridru\u017ei se na\u0161em timu koji kombinuje istra\u017eivanje sa javnim anga\u017emanom za efikasan pristup o\u010duvanju. Besplatne QGIS lekcije QGIS je besplatno, mo\u0107no GIS okru\u017eenje otvorenog koda Kutak za djecu Organizujemo edukativne ture i imamo mnogo zabavnog i interaktivnog materijala.<\/p>\n","protected":false},"author":5,"featured_media":0,"parent":0,"menu_order":0,"comment_status":"closed","ping_status":"closed","template":"","meta":{"_acf_changed":false,"site-sidebar-layout":"no-sidebar","site-content-layout":"page-builder","ast-site-content-layout":"","site-content-style":"default","site-sidebar-style":"default","ast-global-header-display":"","ast-banner-title-visibility":"","ast-main-header-display":"","ast-hfb-above-header-display":"","ast-hfb-below-header-display":"","ast-hfb-mobile-header-display":"","site-post-title":"disabled","ast-breadcrumbs-content":"","ast-featured-img":"disabled","footer-sml-layout":"","theme-transparent-header-meta":"","adv-header-id-meta":"","stick-header-meta":"","header-above-stick-meta":"","header-main-stick-meta":"","header-below-stick-meta":"","astra-migrate-meta-layouts":"set","ast-page-background-enabled":"default","ast-page-background-meta":{"desktop":{"background-color":"var(--ast-global-color-4)","background-image":"","background-repeat":"repeat","background-position":"center center","background-size":"auto","background-attachment":"scroll","background-type":"","background-media":"","overlay-type":"","overlay-color":"","overlay-opacity":"","overlay-gradient":""},"tablet":{"background-color":"","background-image":"","background-repeat":"repeat","background-position":"center center","background-size":"auto","background-attachment":"scroll","background-type":"","background-media":"","overlay-type":"","overlay-color":"","overlay-opacity":"","overlay-gradient":""},"mobile":{"background-color":"","background-image":"","background-repeat":"repeat","background-position":"center center","background-size":"auto","background-attachment":"scroll","background-type":"","background-media":"","overlay-type":"","overlay-color":"","overlay-opacity":"","overlay-gradient":""}},"ast-content-background-meta":{"desktop":{"background-color":"var(--ast-global-color-5)","background-image":"","background-repeat":"repeat","background-position":"center center","background-size":"auto","background-attachment":"scroll","background-type":"","background-media":"","overlay-type":"","overlay-color":"","overlay-opacity":"","overlay-gradient":""},"tablet":{"background-color":"var(--ast-global-color-5)","background-image":"","background-repeat":"repeat","background-position":"center center","background-size":"auto","background-attachment":"scroll","background-type":"","background-media":"","overlay-type":"","overlay-color":"","overlay-opacity":"","overlay-gradient":""},"mobile":{"background-color":"var(--ast-global-color-5)","background-image":"","background-repeat":"repeat","background-position":"center center","background-size":"auto","background-attachment":"scroll","background-type":"","background-media":"","overlay-type":"","overlay-color":"","overlay-opacity":"","overlay-gradient":""}},"footnotes":""},"class_list":["post-8531","page","type-page","status-publish","hentry"],"acf":[],"yoast_head":"<!-- This site is optimized with the Yoast SEO plugin v26.1.1 - https:\/\/yoast.com\/wordpress\/plugins\/seo\/ -->\n<title>Edukacija | Montenegro Dolphin Research<\/title>\n<meta name=\"robots\" content=\"index, follow, max-snippet:-1, max-image-preview:large, max-video-preview:-1\" \/>\n<link rel=\"canonical\" href=\"https:\/\/montenegrodolphinresearch.org\/me\/education\/\" \/>\n<meta property=\"og:locale\" content=\"en_US\" \/>\n<meta property=\"og:type\" content=\"article\" \/>\n<meta property=\"og:title\" content=\"Edukacija | Montenegro Dolphin Research\" \/>\n<meta property=\"og:description\" content=\"EDUKACIJA Praksa Pridru\u017ei se na\u0161em timu koji kombinuje istra\u017eivanje sa javnim anga\u017emanom za efikasan pristup o\u010duvanju. Besplatne QGIS lekcije QGIS je besplatno, mo\u0107no GIS okru\u017eenje otvorenog koda Kutak za djecu Organizujemo edukativne ture i imamo mnogo zabavnog i interaktivnog materijala.\" \/>\n<meta property=\"og:url\" content=\"https:\/\/montenegrodolphinresearch.org\/me\/education\/\" \/>\n<meta property=\"og:site_name\" content=\"Montenegro Dolphin Research\" \/>\n<meta property=\"article:publisher\" content=\"https:\/\/www.facebook.com\/DMADforNature\/\" \/>\n<meta property=\"article:modified_time\" content=\"2025-06-18T13:35:58+00:00\" \/>\n<meta name=\"twitter:card\" content=\"summary_large_image\" \/>\n<meta name=\"twitter:site\" content=\"@DMADforNature\" \/>\n<meta name=\"twitter:label1\" content=\"Est. reading time\" \/>\n\t<meta name=\"twitter:data1\" content=\"1 minute\" \/>\n<script type=\"application\/ld+json\" class=\"yoast-schema-graph\">{\"@context\":\"https:\/\/schema.org\",\"@graph\":[{\"@type\":\"WebPage\",\"@id\":\"https:\/\/montenegrodolphinresearch.org\/me\/education\/\",\"url\":\"https:\/\/montenegrodolphinresearch.org\/me\/education\/\",\"name\":\"Edukacija | Montenegro Dolphin Research\",\"isPartOf\":{\"@id\":\"https:\/\/montenegrodolphinresearch.org\/#website\"},\"datePublished\":\"2023-03-09T11:20:02+00:00\",\"dateModified\":\"2025-06-18T13:35:58+00:00\",\"breadcrumb\":{\"@id\":\"https:\/\/montenegrodolphinresearch.org\/me\/education\/#breadcrumb\"},\"inLanguage\":\"me-CG\",\"potentialAction\":[{\"@type\":\"ReadAction\",\"target\":[\"https:\/\/montenegrodolphinresearch.org\/me\/education\/\"]}]},{\"@type\":\"BreadcrumbList\",\"@id\":\"https:\/\/montenegrodolphinresearch.org\/me\/education\/#breadcrumb\",\"itemListElement\":[{\"@type\":\"ListItem\",\"position\":1,\"name\":\"Anasayfa\",\"item\":\"https:\/\/montenegrodolphinresearch.org\/\"},{\"@type\":\"ListItem\",\"position\":2,\"name\":\"Edukacija\"}]},{\"@type\":\"WebSite\",\"@id\":\"https:\/\/montenegrodolphinresearch.org\/#website\",\"url\":\"https:\/\/montenegrodolphinresearch.org\/\",\"name\":\"Deniz Memelileri Ara\u015ft\u0131rma Derne\u011fi\",\"description\":\"\",\"publisher\":{\"@id\":\"https:\/\/montenegrodolphinresearch.org\/#organization\"},\"alternateName\":\"DMAD\",\"potentialAction\":[{\"@type\":\"SearchAction\",\"target\":{\"@type\":\"EntryPoint\",\"urlTemplate\":\"https:\/\/montenegrodolphinresearch.org\/?s={search_term_string}\"},\"query-input\":{\"@type\":\"PropertyValueSpecification\",\"valueRequired\":true,\"valueName\":\"search_term_string\"}}],\"inLanguage\":\"me-CG\"},{\"@type\":\"Organization\",\"@id\":\"https:\/\/montenegrodolphinresearch.org\/#organization\",\"name\":\"Deniz Memelileri Ara\u015ft\u0131rma Derne\u011fi\",\"alternateName\":\"DMAD\",\"url\":\"https:\/\/montenegrodolphinresearch.org\/\",\"logo\":{\"@type\":\"ImageObject\",\"inLanguage\":\"me-CG\",\"@id\":\"https:\/\/montenegrodolphinresearch.org\/#\/schema\/logo\/image\/\",\"url\":\"https:\/\/montenegrodolphinresearch.org\/wp-content\/uploads\/logo.png\",\"contentUrl\":\"https:\/\/montenegrodolphinresearch.org\/wp-content\/uploads\/logo.png\",\"width\":140,\"height\":140,\"caption\":\"Deniz Memelileri Ara\u015ft\u0131rma Derne\u011fi\"},\"image\":{\"@id\":\"https:\/\/montenegrodolphinresearch.org\/#\/schema\/logo\/image\/\"},\"sameAs\":[\"https:\/\/www.facebook.com\/DMADforNature\/\",\"https:\/\/x.com\/DMADforNature\",\"https:\/\/www.instagram.com\/dmadfornature\/\"]}]}<\/script>\n<!-- \/ Yoast SEO plugin. -->","yoast_head_json":{"title":"Edukacija | Montenegro Dolphin Research","robots":{"index":"index","follow":"follow","max-snippet":"max-snippet:-1","max-image-preview":"max-image-preview:large","max-video-preview":"max-video-preview:-1"},"canonical":"https:\/\/montenegrodolphinresearch.org\/me\/education\/","og_locale":"en_US","og_type":"article","og_title":"Edukacija | Montenegro Dolphin Research","og_description":"EDUKACIJA Praksa Pridru\u017ei se na\u0161em timu koji kombinuje istra\u017eivanje sa javnim anga\u017emanom za efikasan pristup o\u010duvanju. Besplatne QGIS lekcije QGIS je besplatno, mo\u0107no GIS okru\u017eenje otvorenog koda Kutak za djecu Organizujemo edukativne ture i imamo mnogo zabavnog i interaktivnog materijala.","og_url":"https:\/\/montenegrodolphinresearch.org\/me\/education\/","og_site_name":"Montenegro Dolphin Research","article_publisher":"https:\/\/www.facebook.com\/DMADforNature\/","article_modified_time":"2025-06-18T13:35:58+00:00","twitter_card":"summary_large_image","twitter_site":"@DMADforNature","twitter_misc":{"Est. reading time":"1 minute"},"schema":{"@context":"https:\/\/schema.org","@graph":[{"@type":"WebPage","@id":"https:\/\/montenegrodolphinresearch.org\/me\/education\/","url":"https:\/\/montenegrodolphinresearch.org\/me\/education\/","name":"Edukacija | Montenegro Dolphin Research","isPartOf":{"@id":"https:\/\/montenegrodolphinresearch.org\/#website"},"datePublished":"2023-03-09T11:20:02+00:00","dateModified":"2025-06-18T13:35:58+00:00","breadcrumb":{"@id":"https:\/\/montenegrodolphinresearch.org\/me\/education\/#breadcrumb"},"inLanguage":"me-CG","potentialAction":[{"@type":"ReadAction","target":["https:\/\/montenegrodolphinresearch.org\/me\/education\/"]}]},{"@type":"BreadcrumbList","@id":"https:\/\/montenegrodolphinresearch.org\/me\/education\/#breadcrumb","itemListElement":[{"@type":"ListItem","position":1,"name":"Anasayfa","item":"https:\/\/montenegrodolphinresearch.org\/"},{"@type":"ListItem","position":2,"name":"Edukacija"}]},{"@type":"WebSite","@id":"https:\/\/montenegrodolphinresearch.org\/#website","url":"https:\/\/montenegrodolphinresearch.org\/","name":"Deniz Memelileri Ara\u015ft\u0131rma Derne\u011fi","description":"","publisher":{"@id":"https:\/\/montenegrodolphinresearch.org\/#organization"},"alternateName":"DMAD","potentialAction":[{"@type":"SearchAction","target":{"@type":"EntryPoint","urlTemplate":"https:\/\/montenegrodolphinresearch.org\/?s={search_term_string}"},"query-input":{"@type":"PropertyValueSpecification","valueRequired":true,"valueName":"search_term_string"}}],"inLanguage":"me-CG"},{"@type":"Organization","@id":"https:\/\/montenegrodolphinresearch.org\/#organization","name":"Deniz Memelileri Ara\u015ft\u0131rma Derne\u011fi","alternateName":"DMAD","url":"https:\/\/montenegrodolphinresearch.org\/","logo":{"@type":"ImageObject","inLanguage":"me-CG","@id":"https:\/\/montenegrodolphinresearch.org\/#\/schema\/logo\/image\/","url":"https:\/\/montenegrodolphinresearch.org\/wp-content\/uploads\/logo.png","contentUrl":"https:\/\/montenegrodolphinresearch.org\/wp-content\/uploads\/logo.png","width":140,"height":140,"caption":"Deniz Memelileri Ara\u015ft\u0131rma Derne\u011fi"},"image":{"@id":"https:\/\/montenegrodolphinresearch.org\/#\/schema\/logo\/image\/"},"sameAs":["https:\/\/www.facebook.com\/DMADforNature\/","https:\/\/x.com\/DMADforNature","https:\/\/www.instagram.com\/dmadfornature\/"]}]}},"_links":{"self":[{"href":"https:\/\/montenegrodolphinresearch.org\/me\/wp-json\/wp\/v2\/pages\/8531","targetHints":{"allow":["GET"]}}],"collection":[{"href":"https:\/\/montenegrodolphinresearch.org\/me\/wp-json\/wp\/v2\/pages"}],"about":[{"href":"https:\/\/montenegrodolphinresearch.org\/me\/wp-json\/wp\/v2\/types\/page"}],"author":[{"embeddable":true,"href":"https:\/\/montenegrodolphinresearch.org\/me\/wp-json\/wp\/v2\/users\/5"}],"replies":[{"embeddable":true,"href":"https:\/\/montenegrodolphinresearch.org\/me\/wp-json\/wp\/v2\/comments?post=8531"}],"version-history":[{"count":4,"href":"https:\/\/montenegrodolphinresearch.org\/me\/wp-json\/wp\/v2\/pages\/8531\/revisions"}],"predecessor-version":[{"id":8535,"href":"https:\/\/montenegrodolphinresearch.org\/me\/wp-json\/wp\/v2\/pages\/8531\/revisions\/8535"}],"wp:attachment":[{"href":"https:\/\/montenegrodolphinresearch.org\/me\/wp-json\/wp\/v2\/media?parent=8531"}],"curies":[{"name":"wp","href":"https:\/\/api.w.org\/{rel}","templated":true}]}}