{"id":8476,"date":"2023-04-26T14:14:36","date_gmt":"2023-04-26T11:14:36","guid":{"rendered":"https:\/\/montenegrodolphinresearch.org\/nasa-istrazivanja\/adriatic-sea\/montenegro-sightings-network\/"},"modified":"2025-06-18T15:53:13","modified_gmt":"2025-06-18T12:53:13","slug":"montenegro-sightings-network","status":"publish","type":"page","link":"https:\/\/montenegrodolphinresearch.org\/me\/nasa-istrazivanja\/adriatic-sea\/montenegro-sightings-network\/","title":{"rendered":"Montenegro Sightings Network"},"content":{"rendered":"\t\t<div data-elementor-type=\"wp-page\" data-elementor-id=\"8476\" class=\"elementor elementor-8476\" data-elementor-post-type=\"page\">\n\t\t\t\t\t\t<section class=\"elementor-section elementor-top-section elementor-element elementor-element-563085d7 elementor-section-height-min-height elementor-section-stretched elementor-section-boxed elementor-section-height-default elementor-section-items-middle wpr-sticky-section-no\" data-id=\"563085d7\" data-element_type=\"section\" data-settings=\"{&quot;background_background&quot;:&quot;classic&quot;,&quot;stretch_section&quot;:&quot;section-stretched&quot;}\">\n\t\t\t\t\t\t<div class=\"elementor-container elementor-column-gap-default\">\n\t\t\t\t\t<div class=\"elementor-column elementor-col-100 elementor-top-column elementor-element elementor-element-4fcc1bd2\" data-id=\"4fcc1bd2\" data-element_type=\"column\">\n\t\t\t<div class=\"elementor-widget-wrap elementor-element-populated\">\n\t\t\t\t\t\t<div class=\"elementor-element elementor-element-72960dc0 elementor-widget elementor-widget-heading\" data-id=\"72960dc0\" data-element_type=\"widget\" data-widget_type=\"heading.default\">\n\t\t\t\t<div class=\"elementor-widget-container\">\n\t\t\t\t\t<h1 class=\"elementor-heading-title elementor-size-default\">Montenegro Sightings Network<\/h1>\t\t\t\t<\/div>\n\t\t\t\t<\/div>\n\t\t\t\t\t<\/div>\n\t\t<\/div>\n\t\t\t\t\t<\/div>\n\t\t<\/section>\n\t\t\t\t<section class=\"elementor-section elementor-top-section elementor-element elementor-element-39bc9bc4 elementor-section-boxed elementor-section-height-default elementor-section-height-default wpr-sticky-section-no\" data-id=\"39bc9bc4\" data-element_type=\"section\">\n\t\t\t\t\t\t<div class=\"elementor-container elementor-column-gap-default\">\n\t\t\t\t\t<div class=\"elementor-column elementor-col-100 elementor-top-column elementor-element elementor-element-211fc1fa\" data-id=\"211fc1fa\" data-element_type=\"column\">\n\t\t\t<div class=\"elementor-widget-wrap elementor-element-populated\">\n\t\t\t\t\t\t<div class=\"elementor-element elementor-element-4749cb71 elementor-widget elementor-widget-text-editor\" data-id=\"4749cb71\" data-element_type=\"widget\" data-widget_type=\"text-editor.default\">\n\t\t\t\t<div class=\"elementor-widget-container\">\n\t\t\t\t\t\t\t\t\t<h2>Montenegro Sightings Network<\/h2><div><p data-start=\"0\" data-end=\"411\">Montenegro Sightings Network osnovana je kako bi prikupljala opa\u017eanja delfina od strane gra\u0111anskih nau\u010dnika du\u017e crnogorske obale i u njenim vodama. Molimo pojedince da nam po\u0161alju informacije o lokaciji, vremenu i datumu opa\u017eanja, uz fotografiju ako je mogu\u0107e, putem e-maila, Facebook-a, WhatsApp-a ili Vibera. Podaci \u0107e se koristiti za istra\u017eivanje, pra\u0107enje i foto-identifikaciju.<\/p><p data-start=\"413\" data-end=\"506\">Svako opa\u017eanje ulazi u nagradno izvla\u010denje za dobijanje izleta brodom sa na\u0161im istra\u017eiva\u010dima!<\/p><p data-start=\"508\" data-end=\"540\" data-is-last-node=\"\" data-is-only-node=\"\">WhatsApp\/Viber \u2013 +382 67 072 278<\/p><\/div>\t\t\t\t\t\t\t\t<\/div>\n\t\t\t\t<\/div>\n\t\t\t\t\t<\/div>\n\t\t<\/div>\n\t\t\t\t\t<\/div>\n\t\t<\/section>\n\t\t\t\t<section class=\"elementor-section elementor-top-section elementor-element elementor-element-6fb05df4 elementor-section-boxed elementor-section-height-default elementor-section-height-default wpr-sticky-section-no\" data-id=\"6fb05df4\" data-element_type=\"section\">\n\t\t\t\t\t\t<div class=\"elementor-container elementor-column-gap-default\">\n\t\t\t\t\t<div class=\"elementor-column elementor-col-33 elementor-top-column elementor-element elementor-element-4afcac66\" data-id=\"4afcac66\" data-element_type=\"column\">\n\t\t\t<div class=\"elementor-widget-wrap elementor-element-populated\">\n\t\t\t\t\t\t<div class=\"elementor-element elementor-element-12d9aedc elementor-widget elementor-widget-image\" data-id=\"12d9aedc\" data-element_type=\"widget\" data-widget_type=\"image.default\">\n\t\t\t\t<div class=\"elementor-widget-container\">\n\t\t\t\t\t\t\t\t\t\t\t\t\t\t\t\t<a href=\"https:\/\/montenegrodolphinresearch.org\/wp-content\/uploads\/StrippedDolphins2-1920w.webp\" data-elementor-open-lightbox=\"yes\" data-elementor-lightbox-title=\"Stripped+Dolphins+2-1920w\" data-e-action-hash=\"#elementor-action%3Aaction%3Dlightbox%26settings%3DeyJpZCI6NjUyNiwidXJsIjoiaHR0cHM6XC9cL21vbnRlbmVncm9kb2xwaGlucmVzZWFyY2gub3JnXC93cC1jb250ZW50XC91cGxvYWRzXC9TdHJpcHBlZERvbHBoaW5zMi0xOTIwdy53ZWJwIn0%3D\">\n\t\t\t\t\t\t\t<img fetchpriority=\"high\" decoding=\"async\" width=\"1024\" height=\"683\" src=\"https:\/\/montenegrodolphinresearch.org\/wp-content\/uploads\/StrippedDolphins2-1920w-1024x683.webp\" class=\"attachment-large size-large wp-image-6526\" alt=\"\" srcset=\"https:\/\/montenegrodolphinresearch.org\/wp-content\/uploads\/StrippedDolphins2-1920w-1024x683.webp 1024w, https:\/\/montenegrodolphinresearch.org\/wp-content\/uploads\/StrippedDolphins2-1920w-300x200.webp 300w, https:\/\/montenegrodolphinresearch.org\/wp-content\/uploads\/StrippedDolphins2-1920w-768x512.webp 768w, https:\/\/montenegrodolphinresearch.org\/wp-content\/uploads\/StrippedDolphins2-1920w-1536x1024.webp 1536w, https:\/\/montenegrodolphinresearch.org\/wp-content\/uploads\/StrippedDolphins2-1920w.webp 1920w\" sizes=\"(max-width: 1024px) 100vw, 1024px\" \/>\t\t\t\t\t\t\t\t<\/a>\n\t\t\t\t\t\t\t\t\t\t\t\t\t\t\t<\/div>\n\t\t\t\t<\/div>\n\t\t\t\t\t<\/div>\n\t\t<\/div>\n\t\t\t\t<div class=\"elementor-column elementor-col-33 elementor-top-column elementor-element elementor-element-57d6b7c8\" data-id=\"57d6b7c8\" data-element_type=\"column\">\n\t\t\t<div class=\"elementor-widget-wrap elementor-element-populated\">\n\t\t\t\t\t\t<div class=\"elementor-element elementor-element-7defc46b elementor-widget elementor-widget-image\" data-id=\"7defc46b\" data-element_type=\"widget\" data-widget_type=\"image.default\">\n\t\t\t\t<div class=\"elementor-widget-container\">\n\t\t\t\t\t\t\t\t\t\t\t\t\t\t\t<img decoding=\"async\" width=\"360\" height=\"360\" src=\"https:\/\/montenegrodolphinresearch.org\/wp-content\/uploads\/MRDlogo-1920w.webp\" class=\"attachment-large size-large wp-image-6514\" alt=\"\" srcset=\"https:\/\/montenegrodolphinresearch.org\/wp-content\/uploads\/MRDlogo-1920w.webp 360w, https:\/\/montenegrodolphinresearch.org\/wp-content\/uploads\/MRDlogo-1920w-300x300.webp 300w, https:\/\/montenegrodolphinresearch.org\/wp-content\/uploads\/MRDlogo-1920w-150x150.webp 150w\" sizes=\"(max-width: 360px) 100vw, 360px\" \/>\t\t\t\t\t\t\t\t\t\t\t\t\t\t\t<\/div>\n\t\t\t\t<\/div>\n\t\t\t\t\t<\/div>\n\t\t<\/div>\n\t\t\t\t<div class=\"elementor-column elementor-col-33 elementor-top-column elementor-element elementor-element-45c548da\" data-id=\"45c548da\" data-element_type=\"column\">\n\t\t\t<div class=\"elementor-widget-wrap elementor-element-populated\">\n\t\t\t\t\t\t<div class=\"elementor-element elementor-element-1449b2aa elementor-widget elementor-widget-image\" data-id=\"1449b2aa\" data-element_type=\"widget\" data-widget_type=\"image.default\">\n\t\t\t\t<div class=\"elementor-widget-container\">\n\t\t\t\t\t\t\t\t\t\t\t\t\t\t\t\t<a href=\"https:\/\/montenegrodolphinresearch.org\/wp-content\/uploads\/website3-1920w.webp\" data-elementor-open-lightbox=\"yes\" data-elementor-lightbox-title=\"website+3-1920w\" data-e-action-hash=\"#elementor-action%3Aaction%3Dlightbox%26settings%3DeyJpZCI6NjUyNywidXJsIjoiaHR0cHM6XC9cL21vbnRlbmVncm9kb2xwaGlucmVzZWFyY2gub3JnXC93cC1jb250ZW50XC91cGxvYWRzXC93ZWJzaXRlMy0xOTIwdy53ZWJwIn0%3D\">\n\t\t\t\t\t\t\t<img decoding=\"async\" width=\"1024\" height=\"647\" src=\"https:\/\/montenegrodolphinresearch.org\/wp-content\/uploads\/website3-1920w-1024x647.webp\" class=\"attachment-large size-large wp-image-6527\" alt=\"\" srcset=\"https:\/\/montenegrodolphinresearch.org\/wp-content\/uploads\/website3-1920w-1024x647.webp 1024w, https:\/\/montenegrodolphinresearch.org\/wp-content\/uploads\/website3-1920w-300x190.webp 300w, https:\/\/montenegrodolphinresearch.org\/wp-content\/uploads\/website3-1920w-768x485.webp 768w, https:\/\/montenegrodolphinresearch.org\/wp-content\/uploads\/website3-1920w-1536x970.webp 1536w, https:\/\/montenegrodolphinresearch.org\/wp-content\/uploads\/website3-1920w.webp 1920w\" sizes=\"(max-width: 1024px) 100vw, 1024px\" \/>\t\t\t\t\t\t\t\t<\/a>\n\t\t\t\t\t\t\t\t\t\t\t\t\t\t\t<\/div>\n\t\t\t\t<\/div>\n\t\t\t\t\t<\/div>\n\t\t<\/div>\n\t\t\t\t\t<\/div>\n\t\t<\/section>\n\t\t\t\t<\/div>\n\t\t","protected":false},"excerpt":{"rendered":"<p>Montenegro Sightings Network Montenegro Sightings Network Montenegro Sightings Network osnovana je kako bi prikupljala opa\u017eanja delfina od strane gra\u0111anskih nau\u010dnika du\u017e crnogorske obale i u njenim vodama. Molimo pojedince da nam po\u0161alju informacije o lokaciji, vremenu i datumu opa\u017eanja, uz fotografiju ako je mogu\u0107e, putem e-maila, Facebook-a, WhatsApp-a ili Vibera. Podaci \u0107e se koristiti za istra\u017eivanje, pra\u0107enje i foto-identifikaciju. Svako opa\u017eanje ulazi u nagradno izvla\u010denje za dobijanje izleta brodom sa na\u0161im istra\u017eiva\u010dima! WhatsApp\/Viber \u2013 +382 67 072 278<\/p>\n","protected":false},"author":5,"featured_media":0,"parent":8455,"menu_order":0,"comment_status":"closed","ping_status":"closed","template":"","meta":{"_acf_changed":false,"site-sidebar-layout":"no-sidebar","site-content-layout":"page-builder","ast-site-content-layout":"","site-content-style":"default","site-sidebar-style":"default","ast-global-header-display":"","ast-banner-title-visibility":"","ast-main-header-display":"","ast-hfb-above-header-display":"","ast-hfb-below-header-display":"","ast-hfb-mobile-header-display":"","site-post-title":"disabled","ast-breadcrumbs-content":"","ast-featured-img":"disabled","footer-sml-layout":"","theme-transparent-header-meta":"","adv-header-id-meta":"","stick-header-meta":"","header-above-stick-meta":"","header-main-stick-meta":"","header-below-stick-meta":"","astra-migrate-meta-layouts":"set","ast-page-background-enabled":"default","ast-page-background-meta":{"desktop":{"background-color":"var(--ast-global-color-4)","background-image":"","background-repeat":"repeat","background-position":"center center","background-size":"auto","background-attachment":"scroll","background-type":"","background-media":"","overlay-type":"","overlay-color":"","overlay-opacity":"","overlay-gradient":""},"tablet":{"background-color":"","background-image":"","background-repeat":"repeat","background-position":"center center","background-size":"auto","background-attachment":"scroll","background-type":"","background-media":"","overlay-type":"","overlay-color":"","overlay-opacity":"","overlay-gradient":""},"mobile":{"background-color":"","background-image":"","background-repeat":"repeat","background-position":"center center","background-size":"auto","background-attachment":"scroll","background-type":"","background-media":"","overlay-type":"","overlay-color":"","overlay-opacity":"","overlay-gradient":""}},"ast-content-background-meta":{"desktop":{"background-color":"var(--ast-global-color-5)","background-image":"","background-repeat":"repeat","background-position":"center center","background-size":"auto","background-attachment":"scroll","background-type":"","background-media":"","overlay-type":"","overlay-color":"","overlay-opacity":"","overlay-gradient":""},"tablet":{"background-color":"var(--ast-global-color-5)","background-image":"","background-repeat":"repeat","background-position":"center center","background-size":"auto","background-attachment":"scroll","background-type":"","background-media":"","overlay-type":"","overlay-color":"","overlay-opacity":"","overlay-gradient":""},"mobile":{"background-color":"var(--ast-global-color-5)","background-image":"","background-repeat":"repeat","background-position":"center center","background-size":"auto","background-attachment":"scroll","background-type":"","background-media":"","overlay-type":"","overlay-color":"","overlay-opacity":"","overlay-gradient":""}},"footnotes":""},"class_list":["post-8476","page","type-page","status-publish","hentry"],"acf":[],"yoast_head":"<!-- This site is optimized with the Yoast SEO plugin v26.1.1 - https:\/\/yoast.com\/wordpress\/plugins\/seo\/ -->\n<title>Montenegro Sightings Network | Montenegro Dolphin Research<\/title>\n<meta name=\"robots\" content=\"index, follow, max-snippet:-1, max-image-preview:large, max-video-preview:-1\" \/>\n<link rel=\"canonical\" href=\"https:\/\/montenegrodolphinresearch.org\/me\/nasa-istrazivanja\/adriatic-sea\/montenegro-sightings-network\/\" \/>\n<meta property=\"og:locale\" content=\"en_US\" \/>\n<meta property=\"og:type\" content=\"article\" \/>\n<meta property=\"og:title\" content=\"Montenegro Sightings Network | Montenegro Dolphin Research\" \/>\n<meta property=\"og:description\" content=\"Montenegro Sightings Network Montenegro Sightings Network Montenegro Sightings Network osnovana je kako bi prikupljala opa\u017eanja delfina od strane gra\u0111anskih nau\u010dnika du\u017e crnogorske obale i u njenim vodama. Molimo pojedince da nam po\u0161alju informacije o lokaciji, vremenu i datumu opa\u017eanja, uz fotografiju ako je mogu\u0107e, putem e-maila, Facebook-a, WhatsApp-a ili Vibera. Podaci \u0107e se koristiti za istra\u017eivanje, pra\u0107enje i foto-identifikaciju. Svako opa\u017eanje ulazi u nagradno izvla\u010denje za dobijanje izleta brodom sa na\u0161im istra\u017eiva\u010dima! WhatsApp\/Viber \u2013 +382 67 072 278\" \/>\n<meta property=\"og:url\" content=\"https:\/\/montenegrodolphinresearch.org\/me\/nasa-istrazivanja\/adriatic-sea\/montenegro-sightings-network\/\" \/>\n<meta property=\"og:site_name\" content=\"Montenegro Dolphin Research\" \/>\n<meta property=\"article:publisher\" content=\"https:\/\/www.facebook.com\/DMADforNature\/\" \/>\n<meta property=\"article:modified_time\" content=\"2025-06-18T12:53:13+00:00\" \/>\n<meta property=\"og:image\" content=\"https:\/\/montenegrodolphinresearch.org\/wp-content\/uploads\/StrippedDolphins2-1920w.webp\" \/>\n\t<meta property=\"og:image:width\" content=\"1920\" \/>\n\t<meta property=\"og:image:height\" content=\"1280\" \/>\n\t<meta property=\"og:image:type\" content=\"image\/webp\" \/>\n<meta name=\"twitter:card\" content=\"summary_large_image\" \/>\n<meta name=\"twitter:site\" content=\"@DMADforNature\" \/>\n<meta name=\"twitter:label1\" content=\"Est. reading time\" \/>\n\t<meta name=\"twitter:data1\" content=\"1 minute\" \/>\n<script type=\"application\/ld+json\" class=\"yoast-schema-graph\">{\"@context\":\"https:\/\/schema.org\",\"@graph\":[{\"@type\":\"WebPage\",\"@id\":\"https:\/\/montenegrodolphinresearch.org\/me\/nasa-istrazivanja\/adriatic-sea\/montenegro-sightings-network\/\",\"url\":\"https:\/\/montenegrodolphinresearch.org\/me\/nasa-istrazivanja\/adriatic-sea\/montenegro-sightings-network\/\",\"name\":\"Montenegro Sightings Network | Montenegro Dolphin Research\",\"isPartOf\":{\"@id\":\"https:\/\/montenegrodolphinresearch.org\/#website\"},\"primaryImageOfPage\":{\"@id\":\"https:\/\/montenegrodolphinresearch.org\/me\/nasa-istrazivanja\/adriatic-sea\/montenegro-sightings-network\/#primaryimage\"},\"image\":{\"@id\":\"https:\/\/montenegrodolphinresearch.org\/me\/nasa-istrazivanja\/adriatic-sea\/montenegro-sightings-network\/#primaryimage\"},\"thumbnailUrl\":\"https:\/\/montenegrodolphinresearch.org\/wp-content\/uploads\/StrippedDolphins2-1920w-1024x683.webp\",\"datePublished\":\"2023-04-26T11:14:36+00:00\",\"dateModified\":\"2025-06-18T12:53:13+00:00\",\"breadcrumb\":{\"@id\":\"https:\/\/montenegrodolphinresearch.org\/me\/nasa-istrazivanja\/adriatic-sea\/montenegro-sightings-network\/#breadcrumb\"},\"inLanguage\":\"me-CG\",\"potentialAction\":[{\"@type\":\"ReadAction\",\"target\":[\"https:\/\/montenegrodolphinresearch.org\/me\/nasa-istrazivanja\/adriatic-sea\/montenegro-sightings-network\/\"]}]},{\"@type\":\"ImageObject\",\"inLanguage\":\"me-CG\",\"@id\":\"https:\/\/montenegrodolphinresearch.org\/me\/nasa-istrazivanja\/adriatic-sea\/montenegro-sightings-network\/#primaryimage\",\"url\":\"https:\/\/montenegrodolphinresearch.org\/wp-content\/uploads\/StrippedDolphins2-1920w-1024x683.webp\",\"contentUrl\":\"https:\/\/montenegrodolphinresearch.org\/wp-content\/uploads\/StrippedDolphins2-1920w-1024x683.webp\"},{\"@type\":\"BreadcrumbList\",\"@id\":\"https:\/\/montenegrodolphinresearch.org\/me\/nasa-istrazivanja\/adriatic-sea\/montenegro-sightings-network\/#breadcrumb\",\"itemListElement\":[{\"@type\":\"ListItem\",\"position\":1,\"name\":\"Anasayfa\",\"item\":\"https:\/\/montenegrodolphinresearch.org\/\"},{\"@type\":\"ListItem\",\"position\":2,\"name\":\"Na\u0161a istra\u017eivanja\",\"item\":\"https:\/\/montenegrodolphinresearch.org\/me\/nasa-istrazivanja\/\"},{\"@type\":\"ListItem\",\"position\":3,\"name\":\"Adriatic Sea\",\"item\":\"https:\/\/montenegrodolphinresearch.org\/me\/nasa-istrazivanja\/adriatic-sea\/\"},{\"@type\":\"ListItem\",\"position\":4,\"name\":\"Montenegro Sightings Network\"}]},{\"@type\":\"WebSite\",\"@id\":\"https:\/\/montenegrodolphinresearch.org\/#website\",\"url\":\"https:\/\/montenegrodolphinresearch.org\/\",\"name\":\"Deniz Memelileri Ara\u015ft\u0131rma Derne\u011fi\",\"description\":\"\",\"publisher\":{\"@id\":\"https:\/\/montenegrodolphinresearch.org\/#organization\"},\"alternateName\":\"DMAD\",\"potentialAction\":[{\"@type\":\"SearchAction\",\"target\":{\"@type\":\"EntryPoint\",\"urlTemplate\":\"https:\/\/montenegrodolphinresearch.org\/?s={search_term_string}\"},\"query-input\":{\"@type\":\"PropertyValueSpecification\",\"valueRequired\":true,\"valueName\":\"search_term_string\"}}],\"inLanguage\":\"me-CG\"},{\"@type\":\"Organization\",\"@id\":\"https:\/\/montenegrodolphinresearch.org\/#organization\",\"name\":\"Deniz Memelileri Ara\u015ft\u0131rma Derne\u011fi\",\"alternateName\":\"DMAD\",\"url\":\"https:\/\/montenegrodolphinresearch.org\/\",\"logo\":{\"@type\":\"ImageObject\",\"inLanguage\":\"me-CG\",\"@id\":\"https:\/\/montenegrodolphinresearch.org\/#\/schema\/logo\/image\/\",\"url\":\"https:\/\/montenegrodolphinresearch.org\/wp-content\/uploads\/logo.png\",\"contentUrl\":\"https:\/\/montenegrodolphinresearch.org\/wp-content\/uploads\/logo.png\",\"width\":140,\"height\":140,\"caption\":\"Deniz Memelileri Ara\u015ft\u0131rma Derne\u011fi\"},\"image\":{\"@id\":\"https:\/\/montenegrodolphinresearch.org\/#\/schema\/logo\/image\/\"},\"sameAs\":[\"https:\/\/www.facebook.com\/DMADforNature\/\",\"https:\/\/x.com\/DMADforNature\",\"https:\/\/www.instagram.com\/dmadfornature\/\"]}]}<\/script>\n<!-- \/ Yoast SEO plugin. -->","yoast_head_json":{"title":"Montenegro Sightings Network | Montenegro Dolphin Research","robots":{"index":"index","follow":"follow","max-snippet":"max-snippet:-1","max-image-preview":"max-image-preview:large","max-video-preview":"max-video-preview:-1"},"canonical":"https:\/\/montenegrodolphinresearch.org\/me\/nasa-istrazivanja\/adriatic-sea\/montenegro-sightings-network\/","og_locale":"en_US","og_type":"article","og_title":"Montenegro Sightings Network | Montenegro Dolphin Research","og_description":"Montenegro Sightings Network Montenegro Sightings Network Montenegro Sightings Network osnovana je kako bi prikupljala opa\u017eanja delfina od strane gra\u0111anskih nau\u010dnika du\u017e crnogorske obale i u njenim vodama. Molimo pojedince da nam po\u0161alju informacije o lokaciji, vremenu i datumu opa\u017eanja, uz fotografiju ako je mogu\u0107e, putem e-maila, Facebook-a, WhatsApp-a ili Vibera. Podaci \u0107e se koristiti za istra\u017eivanje, pra\u0107enje i foto-identifikaciju. Svako opa\u017eanje ulazi u nagradno izvla\u010denje za dobijanje izleta brodom sa na\u0161im istra\u017eiva\u010dima! WhatsApp\/Viber \u2013 +382 67 072 278","og_url":"https:\/\/montenegrodolphinresearch.org\/me\/nasa-istrazivanja\/adriatic-sea\/montenegro-sightings-network\/","og_site_name":"Montenegro Dolphin Research","article_publisher":"https:\/\/www.facebook.com\/DMADforNature\/","article_modified_time":"2025-06-18T12:53:13+00:00","og_image":[{"width":1920,"height":1280,"url":"https:\/\/montenegrodolphinresearch.org\/wp-content\/uploads\/StrippedDolphins2-1920w.webp","type":"image\/webp"}],"twitter_card":"summary_large_image","twitter_site":"@DMADforNature","twitter_misc":{"Est. reading time":"1 minute"},"schema":{"@context":"https:\/\/schema.org","@graph":[{"@type":"WebPage","@id":"https:\/\/montenegrodolphinresearch.org\/me\/nasa-istrazivanja\/adriatic-sea\/montenegro-sightings-network\/","url":"https:\/\/montenegrodolphinresearch.org\/me\/nasa-istrazivanja\/adriatic-sea\/montenegro-sightings-network\/","name":"Montenegro Sightings Network | Montenegro Dolphin Research","isPartOf":{"@id":"https:\/\/montenegrodolphinresearch.org\/#website"},"primaryImageOfPage":{"@id":"https:\/\/montenegrodolphinresearch.org\/me\/nasa-istrazivanja\/adriatic-sea\/montenegro-sightings-network\/#primaryimage"},"image":{"@id":"https:\/\/montenegrodolphinresearch.org\/me\/nasa-istrazivanja\/adriatic-sea\/montenegro-sightings-network\/#primaryimage"},"thumbnailUrl":"https:\/\/montenegrodolphinresearch.org\/wp-content\/uploads\/StrippedDolphins2-1920w-1024x683.webp","datePublished":"2023-04-26T11:14:36+00:00","dateModified":"2025-06-18T12:53:13+00:00","breadcrumb":{"@id":"https:\/\/montenegrodolphinresearch.org\/me\/nasa-istrazivanja\/adriatic-sea\/montenegro-sightings-network\/#breadcrumb"},"inLanguage":"me-CG","potentialAction":[{"@type":"ReadAction","target":["https:\/\/montenegrodolphinresearch.org\/me\/nasa-istrazivanja\/adriatic-sea\/montenegro-sightings-network\/"]}]},{"@type":"ImageObject","inLanguage":"me-CG","@id":"https:\/\/montenegrodolphinresearch.org\/me\/nasa-istrazivanja\/adriatic-sea\/montenegro-sightings-network\/#primaryimage","url":"https:\/\/montenegrodolphinresearch.org\/wp-content\/uploads\/StrippedDolphins2-1920w-1024x683.webp","contentUrl":"https:\/\/montenegrodolphinresearch.org\/wp-content\/uploads\/StrippedDolphins2-1920w-1024x683.webp"},{"@type":"BreadcrumbList","@id":"https:\/\/montenegrodolphinresearch.org\/me\/nasa-istrazivanja\/adriatic-sea\/montenegro-sightings-network\/#breadcrumb","itemListElement":[{"@type":"ListItem","position":1,"name":"Anasayfa","item":"https:\/\/montenegrodolphinresearch.org\/"},{"@type":"ListItem","position":2,"name":"Na\u0161a istra\u017eivanja","item":"https:\/\/montenegrodolphinresearch.org\/me\/nasa-istrazivanja\/"},{"@type":"ListItem","position":3,"name":"Adriatic Sea","item":"https:\/\/montenegrodolphinresearch.org\/me\/nasa-istrazivanja\/adriatic-sea\/"},{"@type":"ListItem","position":4,"name":"Montenegro Sightings Network"}]},{"@type":"WebSite","@id":"https:\/\/montenegrodolphinresearch.org\/#website","url":"https:\/\/montenegrodolphinresearch.org\/","name":"Deniz Memelileri Ara\u015ft\u0131rma Derne\u011fi","description":"","publisher":{"@id":"https:\/\/montenegrodolphinresearch.org\/#organization"},"alternateName":"DMAD","potentialAction":[{"@type":"SearchAction","target":{"@type":"EntryPoint","urlTemplate":"https:\/\/montenegrodolphinresearch.org\/?s={search_term_string}"},"query-input":{"@type":"PropertyValueSpecification","valueRequired":true,"valueName":"search_term_string"}}],"inLanguage":"me-CG"},{"@type":"Organization","@id":"https:\/\/montenegrodolphinresearch.org\/#organization","name":"Deniz Memelileri Ara\u015ft\u0131rma Derne\u011fi","alternateName":"DMAD","url":"https:\/\/montenegrodolphinresearch.org\/","logo":{"@type":"ImageObject","inLanguage":"me-CG","@id":"https:\/\/montenegrodolphinresearch.org\/#\/schema\/logo\/image\/","url":"https:\/\/montenegrodolphinresearch.org\/wp-content\/uploads\/logo.png","contentUrl":"https:\/\/montenegrodolphinresearch.org\/wp-content\/uploads\/logo.png","width":140,"height":140,"caption":"Deniz Memelileri Ara\u015ft\u0131rma Derne\u011fi"},"image":{"@id":"https:\/\/montenegrodolphinresearch.org\/#\/schema\/logo\/image\/"},"sameAs":["https:\/\/www.facebook.com\/DMADforNature\/","https:\/\/x.com\/DMADforNature","https:\/\/www.instagram.com\/dmadfornature\/"]}]}},"_links":{"self":[{"href":"https:\/\/montenegrodolphinresearch.org\/me\/wp-json\/wp\/v2\/pages\/8476","targetHints":{"allow":["GET"]}}],"collection":[{"href":"https:\/\/montenegrodolphinresearch.org\/me\/wp-json\/wp\/v2\/pages"}],"about":[{"href":"https:\/\/montenegrodolphinresearch.org\/me\/wp-json\/wp\/v2\/types\/page"}],"author":[{"embeddable":true,"href":"https:\/\/montenegrodolphinresearch.org\/me\/wp-json\/wp\/v2\/users\/5"}],"replies":[{"embeddable":true,"href":"https:\/\/montenegrodolphinresearch.org\/me\/wp-json\/wp\/v2\/comments?post=8476"}],"version-history":[{"count":4,"href":"https:\/\/montenegrodolphinresearch.org\/me\/wp-json\/wp\/v2\/pages\/8476\/revisions"}],"predecessor-version":[{"id":8480,"href":"https:\/\/montenegrodolphinresearch.org\/me\/wp-json\/wp\/v2\/pages\/8476\/revisions\/8480"}],"up":[{"embeddable":true,"href":"https:\/\/montenegrodolphinresearch.org\/me\/wp-json\/wp\/v2\/pages\/8455"}],"wp:attachment":[{"href":"https:\/\/montenegrodolphinresearch.org\/me\/wp-json\/wp\/v2\/media?parent=8476"}],"curies":[{"name":"wp","href":"https:\/\/api.w.org\/{rel}","templated":true}]}}