{"id":8455,"date":"2023-04-26T11:59:36","date_gmt":"2023-04-26T08:59:36","guid":{"rendered":"https:\/\/montenegrodolphinresearch.org\/nasa-istrazivanja\/adriatic-sea\/"},"modified":"2025-06-18T15:55:10","modified_gmt":"2025-06-18T12:55:10","slug":"adriatic-sea","status":"publish","type":"page","link":"https:\/\/montenegrodolphinresearch.org\/me\/nasa-istrazivanja\/adriatic-sea\/","title":{"rendered":"Adriatic Sea"},"content":{"rendered":"\t\t<div data-elementor-type=\"wp-page\" data-elementor-id=\"8455\" class=\"elementor elementor-8455\" data-elementor-post-type=\"page\">\n\t\t\t\t\t\t<section class=\"elementor-section elementor-top-section elementor-element elementor-element-3478673b elementor-section-height-min-height elementor-section-boxed elementor-section-height-default elementor-section-items-middle wpr-sticky-section-no\" data-id=\"3478673b\" data-element_type=\"section\" data-settings=\"{&quot;background_background&quot;:&quot;classic&quot;}\">\n\t\t\t\t\t\t<div class=\"elementor-container elementor-column-gap-default\">\n\t\t\t\t\t<div class=\"elementor-column elementor-col-100 elementor-top-column elementor-element elementor-element-600687ab\" data-id=\"600687ab\" data-element_type=\"column\">\n\t\t\t<div class=\"elementor-widget-wrap elementor-element-populated\">\n\t\t\t\t\t\t<div class=\"elementor-element elementor-element-247483f elementor-widget elementor-widget-heading\" data-id=\"247483f\" data-element_type=\"widget\" data-widget_type=\"heading.default\">\n\t\t\t\t<div class=\"elementor-widget-container\">\n\t\t\t\t\t<h1 class=\"elementor-heading-title elementor-size-default\">Jadransko more\n\n<\/h1>\t\t\t\t<\/div>\n\t\t\t\t<\/div>\n\t\t\t\t\t<\/div>\n\t\t<\/div>\n\t\t\t\t\t<\/div>\n\t\t<\/section>\n\t\t\t\t<section class=\"elementor-section elementor-top-section elementor-element elementor-element-f8b8c7a elementor-section-boxed elementor-section-height-default elementor-section-height-default wpr-sticky-section-no\" data-id=\"f8b8c7a\" data-element_type=\"section\">\n\t\t\t\t\t\t<div class=\"elementor-container elementor-column-gap-default\">\n\t\t\t\t\t<div class=\"elementor-column elementor-col-100 elementor-top-column elementor-element elementor-element-920c0a0\" data-id=\"920c0a0\" data-element_type=\"column\">\n\t\t\t<div class=\"elementor-widget-wrap elementor-element-populated\">\n\t\t\t\t\t\t<div class=\"elementor-element elementor-element-acaf69a elementor-widget elementor-widget-text-editor\" data-id=\"acaf69a\" data-element_type=\"widget\" data-widget_type=\"text-editor.default\">\n\t\t\t\t<div class=\"elementor-widget-container\">\n\t\t\t\t\t\t\t\t\t<h2>Prikupljanje osnovnih podataka za neistra\u017eena podru\u010dja<\/h2><p>Odre\u0111ena podru\u010dja Jadrana su dobro istra\u017eena ve\u0107 dugi niz godina (Italija, Hrvatska, Slovenija), dok Crna Gora i Albanija prije dolaska DMAD-a 2016. godine nijesu bile obuhva\u0107ene zna\u010dajnim istra\u017eiva\u010dkim aktivnostima. Tada smo zapo\u010deli kontinuirano sprovo\u0111enje istra\u017eivanja u Crnoj Gori, a do danas smo realizovali preko 500 istra\u017eivanja sa kopna i vi\u0161e od stotinu istra\u017eivanja sa mora.<br \/>Godine 2018. razvili smo Ju\u017enojadransku mre\u017eu za nasukavanja kitova, ajkula i morskih kornja\u010da (SANCET), a u saradnji sa Poljoprivrednim univerzitetom u Tirani pro\u0161irili smo istra\u017eiva\u010dke aktivnosti i na sjevernu Albaniju.<br \/>Klikni na sliku kako bi saznao vi\u0161e!<\/p>\t\t\t\t\t\t\t\t<\/div>\n\t\t\t\t<\/div>\n\t\t\t\t\t<\/div>\n\t\t<\/div>\n\t\t\t\t\t<\/div>\n\t\t<\/section>\n\t\t\t\t<section class=\"elementor-section elementor-top-section elementor-element elementor-element-0ac8a9b elementor-section-boxed elementor-section-height-default elementor-section-height-default wpr-sticky-section-no\" data-id=\"0ac8a9b\" data-element_type=\"section\">\n\t\t\t\t\t\t<div class=\"elementor-container elementor-column-gap-default\">\n\t\t\t\t\t<div class=\"elementor-column elementor-col-100 elementor-top-column elementor-element elementor-element-351e6bf\" data-id=\"351e6bf\" data-element_type=\"column\">\n\t\t\t<div class=\"elementor-widget-wrap elementor-element-populated\">\n\t\t\t\t\t\t<section class=\"elementor-section elementor-inner-section elementor-element elementor-element-2a44e22 elementor-section-boxed elementor-section-height-default elementor-section-height-default wpr-sticky-section-no\" data-id=\"2a44e22\" data-element_type=\"section\">\n\t\t\t\t\t\t<div class=\"elementor-container elementor-column-gap-default\">\n\t\t\t\t\t<div class=\"elementor-column elementor-col-50 elementor-inner-column elementor-element elementor-element-93ba0f1\" data-id=\"93ba0f1\" data-element_type=\"column\">\n\t\t\t<div class=\"elementor-widget-wrap elementor-element-populated\">\n\t\t\t\t\t\t<div class=\"elementor-element elementor-element-e2af3cb wpr-promo-box-style-cover elementor-widget elementor-widget-wpr-promo-box\" data-id=\"e2af3cb\" data-element_type=\"widget\" data-widget_type=\"wpr-promo-box.default\">\n\t\t\t\t<div class=\"elementor-widget-container\">\n\t\t\t\t\t\n\t\t<div class=\"wpr-promo-box wpr-animation-wrap\">\n\n\t\t\t\t\t\t<a class=\"wpr-promo-box-link\" href=\"https:\/\/montenegrodolphinresearch.org\/me\/nasa-istrazivanja\/adriatic-sea\/montenegro-dolphin-research\/\"><\/a>\t\n\t\t\t\t\t\t\t\n\t\t\t\t\t\t\t<div class=\"wpr-promo-box-image\">\n\t\t\t\t\t<div class=\"wpr-promo-box-bg-image wpr-bg-anim-zoom-in wpr-anim-timing-ease-default\" style=\"background-image:url(https:\/\/montenegrodolphinresearch.org\/wp-content\/uploads\/42622421_2154104764828175_8978189623989633024_o-d24c530f-1920w.webp);\"><\/div>\n\t\t\t\t\t<div class=\"wpr-promo-box-bg-overlay wpr-border-anim-jazz\"><\/div>\n\t\t\t\t<\/div>\n\t\t\t\t\t\t\n\t\t\t<div class=\"wpr-promo-box-content\">\n\n\t\t\t\t\n\t\t\t\t<h3 class=\"wpr-promo-box-title\"><span>Montenegro Dolphin Research<\/span><\/h3>\n\t\t\t\t\t\t\t\t\t<div class=\"wpr-promo-box-description\">\n\t\t\t\t\t\t<p><p>Tamo gdje se nauka i javno djelovanje susre\u0107u<\/p><\/p>\t\n\t\t\t\t\t<\/div>\t\t\t\t\t\t\n\t\t\t\t\n\t\t\t\t\t\t\t<\/div>\n\n\t\t\t\t\t<\/div>\n\n\t\t\t\t\t\t<\/div>\n\t\t\t\t<\/div>\n\t\t\t\t<div class=\"elementor-element elementor-element-8cfac0f wpr-promo-box-style-cover elementor-widget elementor-widget-wpr-promo-box\" data-id=\"8cfac0f\" data-element_type=\"widget\" data-widget_type=\"wpr-promo-box.default\">\n\t\t\t\t<div class=\"elementor-widget-container\">\n\t\t\t\t\t\n\t\t<div class=\"wpr-promo-box wpr-animation-wrap\">\n\n\t\t\t\t\t\t<a class=\"wpr-promo-box-link\" href=\"https:\/\/montenegrodolphinresearch.org\/me\/nasa-istrazivanja\/adriatic-sea\/montenegro-sightings-network\/\"><\/a>\t\n\t\t\t\t\t\t\t\n\t\t\t\t\t\t\t<div class=\"wpr-promo-box-image\">\n\t\t\t\t\t<div class=\"wpr-promo-box-bg-image wpr-bg-anim-zoom-in wpr-anim-timing-ease-default\" style=\"background-image:url(https:\/\/montenegrodolphinresearch.org\/wp-content\/uploads\/MRDlogo-1920w.webp);\"><\/div>\n\t\t\t\t\t<div class=\"wpr-promo-box-bg-overlay wpr-border-anim-jazz\"><\/div>\n\t\t\t\t<\/div>\n\t\t\t\t\t\t\n\t\t\t<div class=\"wpr-promo-box-content\">\n\n\t\t\t\t\n\t\t\t\t<h3 class=\"wpr-promo-box-title\"><span>Montenegro Sightings Network<\/span><\/h3>\n\t\t\t\t\t\t\t\t\t<div class=\"wpr-promo-box-description\">\n\t\t\t\t\t\t<p><p>Osnovana s ciljem prikupljanja opa\u017eanja delfina od strane gra\u0111anskih nau\u010dnika du\u017e crnogorske obale i u njenim vodama.<\/p><\/p>\t\n\t\t\t\t\t<\/div>\t\t\t\t\t\t\n\t\t\t\t\n\t\t\t\t\t\t\t<\/div>\n\n\t\t\t\t\t<\/div>\n\n\t\t\t\t\t\t<\/div>\n\t\t\t\t<\/div>\n\t\t\t\t\t<\/div>\n\t\t<\/div>\n\t\t\t\t<div class=\"elementor-column elementor-col-50 elementor-inner-column elementor-element elementor-element-83dd6fe\" data-id=\"83dd6fe\" data-element_type=\"column\">\n\t\t\t<div class=\"elementor-widget-wrap elementor-element-populated\">\n\t\t\t\t\t\t<div class=\"elementor-element elementor-element-f76a152 wpr-promo-box-style-cover elementor-widget elementor-widget-wpr-promo-box\" data-id=\"f76a152\" data-element_type=\"widget\" data-widget_type=\"wpr-promo-box.default\">\n\t\t\t\t<div class=\"elementor-widget-container\">\n\t\t\t\t\t\n\t\t<div class=\"wpr-promo-box wpr-animation-wrap\">\n\n\t\t\t\t\t\t<a class=\"wpr-promo-box-link\" href=\"https:\/\/montenegrodolphinresearch.org\/me\/nasa-istrazivanja\/adriatic-sea\/keep-an-eye\/\"><\/a>\t\n\t\t\t\t\t\t\t\n\t\t\t\t\t\t\t<div class=\"wpr-promo-box-image\">\n\t\t\t\t\t<div class=\"wpr-promo-box-bg-image wpr-bg-anim-zoom-in wpr-anim-timing-ease-default\" style=\"background-image:url(https:\/\/montenegrodolphinresearch.org\/wp-content\/uploads\/52598965_2236098709962113_6317689956596711424_n-640w.webp);\"><\/div>\n\t\t\t\t\t<div class=\"wpr-promo-box-bg-overlay wpr-border-anim-jazz\"><\/div>\n\t\t\t\t<\/div>\n\t\t\t\t\t\t\n\t\t\t<div class=\"wpr-promo-box-content\">\n\n\t\t\t\t\n\t\t\t\t<h3 class=\"wpr-promo-box-title\"><span>Keep An Eye<\/span><\/h3>\n\t\t\t\t\t\t\t\t\t<div class=\"wpr-promo-box-description\">\n\t\t\t\t\t\t<p>Poma\u017eemo u koordinaciji akcija u slu\u010daju nasukavanja u ju\u017enom Jadranu.<\/p>\t\n\t\t\t\t\t<\/div>\t\t\t\t\t\t\n\t\t\t\t\n\t\t\t\t\t\t\t<\/div>\n\n\t\t\t\t\t<\/div>\n\n\t\t\t\t\t\t<\/div>\n\t\t\t\t<\/div>\n\t\t\t\t<div class=\"elementor-element elementor-element-4b6c761 wpr-promo-box-style-cover elementor-widget elementor-widget-wpr-promo-box\" data-id=\"4b6c761\" data-element_type=\"widget\" data-widget_type=\"wpr-promo-box.default\">\n\t\t\t\t<div class=\"elementor-widget-container\">\n\t\t\t\t\t\n\t\t<div class=\"wpr-promo-box wpr-animation-wrap\">\n\n\t\t\t\t\t\t<a class=\"wpr-promo-box-link\" href=\"https:\/\/montenegrodolphinresearch.org\/me\/nasa-istrazivanja\/adriatic-sea\/engage-enhancing-protection-of-nature-and-biodiversity-of-the-south-adriatic-ionian-strait-in-the-programme-area\/\"><\/a>\t\n\t\t\t\t\t\t\t\n\t\t\t\t\t\t\t<div class=\"wpr-promo-box-image\">\n\t\t\t\t\t<div class=\"wpr-promo-box-bg-image wpr-bg-anim-zoom-in wpr-anim-timing-ease-default\" style=\"background-image:url(https:\/\/montenegrodolphinresearch.org\/wp-content\/uploads\/LOGO_INTERREG_SA_ENGAGE-01-scaled.jpg);\"><\/div>\n\t\t\t\t\t<div class=\"wpr-promo-box-bg-overlay wpr-border-anim-jazz\"><\/div>\n\t\t\t\t<\/div>\n\t\t\t\t\t\t\n\t\t\t<div class=\"wpr-promo-box-content\">\n\n\t\t\t\t\n\t\t\t\t<h3 class=\"wpr-promo-box-title\"><span>ENGAGE<\/span><\/h3>\n\t\t\t\t\t\t\t\t\t<div class=\"wpr-promo-box-description\">\n\t\t\t\t\t\t<p><p><em>Unapre\u0111enje za\u0161tite prirode i biodiverziteta \u201eJu\u017enojadranskog-jonskog moreuza\u201c na podru\u010dju obuhva\u0107enom programom<\/em><\/p><\/p>\t\n\t\t\t\t\t<\/div>\t\t\t\t\t\t\n\t\t\t\t\n\t\t\t\t\t\t\t<\/div>\n\n\t\t\t\t\t<\/div>\n\n\t\t\t\t\t\t<\/div>\n\t\t\t\t<\/div>\n\t\t\t\t\t<\/div>\n\t\t<\/div>\n\t\t\t\t\t<\/div>\n\t\t<\/section>\n\t\t\t\t\t<\/div>\n\t\t<\/div>\n\t\t\t\t\t<\/div>\n\t\t<\/section>\n\t\t\t\t<\/div>\n\t\t","protected":false},"excerpt":{"rendered":"<p>Jadransko more Prikupljanje osnovnih podataka za neistra\u017eena podru\u010dja Odre\u0111ena podru\u010dja Jadrana su dobro istra\u017eena ve\u0107 dugi niz godina (Italija, Hrvatska, Slovenija), dok Crna Gora i Albanija prije dolaska DMAD-a 2016. godine nijesu bile obuhva\u0107ene zna\u010dajnim istra\u017eiva\u010dkim aktivnostima. Tada smo zapo\u010deli kontinuirano sprovo\u0111enje istra\u017eivanja u Crnoj Gori, a do danas smo realizovali preko 500 istra\u017eivanja sa kopna i vi\u0161e od stotinu istra\u017eivanja sa mora.Godine 2018. razvili smo Ju\u017enojadransku mre\u017eu za nasukavanja kitova, ajkula i morskih kornja\u010da (SANCET), a u saradnji sa Poljoprivrednim univerzitetom u Tirani pro\u0161irili smo istra\u017eiva\u010dke aktivnosti i na sjevernu Albaniju.Klikni na sliku kako bi saznao vi\u0161e! Montenegro Dolphin Research Tamo gdje se nauka i javno djelovanje susre\u0107u Montenegro Sightings Network Osnovana s ciljem prikupljanja opa\u017eanja delfina od strane gra\u0111anskih nau\u010dnika du\u017e crnogorske obale i u njenim vodama. Keep An Eye Poma\u017eemo u koordinaciji akcija u slu\u010daju nasukavanja u ju\u017enom Jadranu. ENGAGE Unapre\u0111enje za\u0161tite prirode i biodiverziteta \u201eJu\u017enojadranskog-jonskog moreuza\u201c na podru\u010dju obuhva\u0107enom programom<\/p>\n","protected":false},"author":5,"featured_media":0,"parent":8394,"menu_order":0,"comment_status":"closed","ping_status":"closed","template":"","meta":{"_acf_changed":false,"site-sidebar-layout":"no-sidebar","site-content-layout":"page-builder","ast-site-content-layout":"","site-content-style":"default","site-sidebar-style":"default","ast-global-header-display":"","ast-banner-title-visibility":"","ast-main-header-display":"","ast-hfb-above-header-display":"","ast-hfb-below-header-display":"","ast-hfb-mobile-header-display":"","site-post-title":"disabled","ast-breadcrumbs-content":"","ast-featured-img":"disabled","footer-sml-layout":"","theme-transparent-header-meta":"","adv-header-id-meta":"","stick-header-meta":"","header-above-stick-meta":"","header-main-stick-meta":"","header-below-stick-meta":"","astra-migrate-meta-layouts":"default","ast-page-background-enabled":"default","ast-page-background-meta":{"desktop":{"background-color":"var(--ast-global-color-4)","background-image":"","background-repeat":"repeat","background-position":"center center","background-size":"auto","background-attachment":"scroll","background-type":"","background-media":"","overlay-type":"","overlay-color":"","overlay-opacity":"","overlay-gradient":""},"tablet":{"background-color":"","background-image":"","background-repeat":"repeat","background-position":"center center","background-size":"auto","background-attachment":"scroll","background-type":"","background-media":"","overlay-type":"","overlay-color":"","overlay-opacity":"","overlay-gradient":""},"mobile":{"background-color":"","background-image":"","background-repeat":"repeat","background-position":"center center","background-size":"auto","background-attachment":"scroll","background-type":"","background-media":"","overlay-type":"","overlay-color":"","overlay-opacity":"","overlay-gradient":""}},"ast-content-background-meta":{"desktop":{"background-color":"var(--ast-global-color-5)","background-image":"","background-repeat":"repeat","background-position":"center center","background-size":"auto","background-attachment":"scroll","background-type":"","background-media":"","overlay-type":"","overlay-color":"","overlay-opacity":"","overlay-gradient":""},"tablet":{"background-color":"var(--ast-global-color-5)","background-image":"","background-repeat":"repeat","background-position":"center center","background-size":"auto","background-attachment":"scroll","background-type":"","background-media":"","overlay-type":"","overlay-color":"","overlay-opacity":"","overlay-gradient":""},"mobile":{"background-color":"var(--ast-global-color-5)","background-image":"","background-repeat":"repeat","background-position":"center center","background-size":"auto","background-attachment":"scroll","background-type":"","background-media":"","overlay-type":"","overlay-color":"","overlay-opacity":"","overlay-gradient":""}},"footnotes":""},"class_list":["post-8455","page","type-page","status-publish","hentry"],"acf":[],"yoast_head":"<!-- This site is optimized with the Yoast SEO plugin v26.1.1 - https:\/\/yoast.com\/wordpress\/plugins\/seo\/ -->\n<title>Adriatic Sea | Montenegro Dolphin Research<\/title>\n<meta name=\"robots\" content=\"index, follow, max-snippet:-1, max-image-preview:large, max-video-preview:-1\" \/>\n<link rel=\"canonical\" href=\"https:\/\/montenegrodolphinresearch.org\/me\/nasa-istrazivanja\/adriatic-sea\/\" \/>\n<meta property=\"og:locale\" content=\"en_US\" \/>\n<meta property=\"og:type\" content=\"article\" \/>\n<meta property=\"og:title\" content=\"Adriatic Sea | Montenegro Dolphin Research\" \/>\n<meta property=\"og:description\" content=\"Jadransko more Prikupljanje osnovnih podataka za neistra\u017eena podru\u010dja Odre\u0111ena podru\u010dja Jadrana su dobro istra\u017eena ve\u0107 dugi niz godina (Italija, Hrvatska, Slovenija), dok Crna Gora i Albanija prije dolaska DMAD-a 2016. godine nijesu bile obuhva\u0107ene zna\u010dajnim istra\u017eiva\u010dkim aktivnostima. Tada smo zapo\u010deli kontinuirano sprovo\u0111enje istra\u017eivanja u Crnoj Gori, a do danas smo realizovali preko 500 istra\u017eivanja sa kopna i vi\u0161e od stotinu istra\u017eivanja sa mora.Godine 2018. razvili smo Ju\u017enojadransku mre\u017eu za nasukavanja kitova, ajkula i morskih kornja\u010da (SANCET), a u saradnji sa Poljoprivrednim univerzitetom u Tirani pro\u0161irili smo istra\u017eiva\u010dke aktivnosti i na sjevernu Albaniju.Klikni na sliku kako bi saznao vi\u0161e! Montenegro Dolphin Research Tamo gdje se nauka i javno djelovanje susre\u0107u Montenegro Sightings Network Osnovana s ciljem prikupljanja opa\u017eanja delfina od strane gra\u0111anskih nau\u010dnika du\u017e crnogorske obale i u njenim vodama. Keep An Eye Poma\u017eemo u koordinaciji akcija u slu\u010daju nasukavanja u ju\u017enom Jadranu. ENGAGE Unapre\u0111enje za\u0161tite prirode i biodiverziteta \u201eJu\u017enojadranskog-jonskog moreuza\u201c na podru\u010dju obuhva\u0107enom programom\" \/>\n<meta property=\"og:url\" content=\"https:\/\/montenegrodolphinresearch.org\/me\/nasa-istrazivanja\/adriatic-sea\/\" \/>\n<meta property=\"og:site_name\" content=\"Montenegro Dolphin Research\" \/>\n<meta property=\"article:publisher\" content=\"https:\/\/www.facebook.com\/DMADforNature\/\" \/>\n<meta property=\"article:modified_time\" content=\"2025-06-18T12:55:10+00:00\" \/>\n<meta name=\"twitter:card\" content=\"summary_large_image\" \/>\n<meta name=\"twitter:site\" content=\"@DMADforNature\" \/>\n<meta name=\"twitter:label1\" content=\"Est. reading time\" \/>\n\t<meta name=\"twitter:data1\" content=\"1 minute\" \/>\n<script type=\"application\/ld+json\" class=\"yoast-schema-graph\">{\"@context\":\"https:\/\/schema.org\",\"@graph\":[{\"@type\":\"WebPage\",\"@id\":\"https:\/\/montenegrodolphinresearch.org\/me\/nasa-istrazivanja\/adriatic-sea\/\",\"url\":\"https:\/\/montenegrodolphinresearch.org\/me\/nasa-istrazivanja\/adriatic-sea\/\",\"name\":\"Adriatic Sea | Montenegro Dolphin Research\",\"isPartOf\":{\"@id\":\"https:\/\/montenegrodolphinresearch.org\/#website\"},\"datePublished\":\"2023-04-26T08:59:36+00:00\",\"dateModified\":\"2025-06-18T12:55:10+00:00\",\"breadcrumb\":{\"@id\":\"https:\/\/montenegrodolphinresearch.org\/me\/nasa-istrazivanja\/adriatic-sea\/#breadcrumb\"},\"inLanguage\":\"me-CG\",\"potentialAction\":[{\"@type\":\"ReadAction\",\"target\":[\"https:\/\/montenegrodolphinresearch.org\/me\/nasa-istrazivanja\/adriatic-sea\/\"]}]},{\"@type\":\"BreadcrumbList\",\"@id\":\"https:\/\/montenegrodolphinresearch.org\/me\/nasa-istrazivanja\/adriatic-sea\/#breadcrumb\",\"itemListElement\":[{\"@type\":\"ListItem\",\"position\":1,\"name\":\"Anasayfa\",\"item\":\"https:\/\/montenegrodolphinresearch.org\/\"},{\"@type\":\"ListItem\",\"position\":2,\"name\":\"Na\u0161a istra\u017eivanja\",\"item\":\"https:\/\/montenegrodolphinresearch.org\/me\/nasa-istrazivanja\/\"},{\"@type\":\"ListItem\",\"position\":3,\"name\":\"Adriatic Sea\"}]},{\"@type\":\"WebSite\",\"@id\":\"https:\/\/montenegrodolphinresearch.org\/#website\",\"url\":\"https:\/\/montenegrodolphinresearch.org\/\",\"name\":\"Deniz Memelileri Ara\u015ft\u0131rma Derne\u011fi\",\"description\":\"\",\"publisher\":{\"@id\":\"https:\/\/montenegrodolphinresearch.org\/#organization\"},\"alternateName\":\"DMAD\",\"potentialAction\":[{\"@type\":\"SearchAction\",\"target\":{\"@type\":\"EntryPoint\",\"urlTemplate\":\"https:\/\/montenegrodolphinresearch.org\/?s={search_term_string}\"},\"query-input\":{\"@type\":\"PropertyValueSpecification\",\"valueRequired\":true,\"valueName\":\"search_term_string\"}}],\"inLanguage\":\"me-CG\"},{\"@type\":\"Organization\",\"@id\":\"https:\/\/montenegrodolphinresearch.org\/#organization\",\"name\":\"Deniz Memelileri Ara\u015ft\u0131rma Derne\u011fi\",\"alternateName\":\"DMAD\",\"url\":\"https:\/\/montenegrodolphinresearch.org\/\",\"logo\":{\"@type\":\"ImageObject\",\"inLanguage\":\"me-CG\",\"@id\":\"https:\/\/montenegrodolphinresearch.org\/#\/schema\/logo\/image\/\",\"url\":\"https:\/\/montenegrodolphinresearch.org\/wp-content\/uploads\/logo.png\",\"contentUrl\":\"https:\/\/montenegrodolphinresearch.org\/wp-content\/uploads\/logo.png\",\"width\":140,\"height\":140,\"caption\":\"Deniz Memelileri Ara\u015ft\u0131rma Derne\u011fi\"},\"image\":{\"@id\":\"https:\/\/montenegrodolphinresearch.org\/#\/schema\/logo\/image\/\"},\"sameAs\":[\"https:\/\/www.facebook.com\/DMADforNature\/\",\"https:\/\/x.com\/DMADforNature\",\"https:\/\/www.instagram.com\/dmadfornature\/\"]}]}<\/script>\n<!-- \/ Yoast SEO plugin. -->","yoast_head_json":{"title":"Adriatic Sea | Montenegro Dolphin Research","robots":{"index":"index","follow":"follow","max-snippet":"max-snippet:-1","max-image-preview":"max-image-preview:large","max-video-preview":"max-video-preview:-1"},"canonical":"https:\/\/montenegrodolphinresearch.org\/me\/nasa-istrazivanja\/adriatic-sea\/","og_locale":"en_US","og_type":"article","og_title":"Adriatic Sea | Montenegro Dolphin Research","og_description":"Jadransko more Prikupljanje osnovnih podataka za neistra\u017eena podru\u010dja Odre\u0111ena podru\u010dja Jadrana su dobro istra\u017eena ve\u0107 dugi niz godina (Italija, Hrvatska, Slovenija), dok Crna Gora i Albanija prije dolaska DMAD-a 2016. godine nijesu bile obuhva\u0107ene zna\u010dajnim istra\u017eiva\u010dkim aktivnostima. Tada smo zapo\u010deli kontinuirano sprovo\u0111enje istra\u017eivanja u Crnoj Gori, a do danas smo realizovali preko 500 istra\u017eivanja sa kopna i vi\u0161e od stotinu istra\u017eivanja sa mora.Godine 2018. razvili smo Ju\u017enojadransku mre\u017eu za nasukavanja kitova, ajkula i morskih kornja\u010da (SANCET), a u saradnji sa Poljoprivrednim univerzitetom u Tirani pro\u0161irili smo istra\u017eiva\u010dke aktivnosti i na sjevernu Albaniju.Klikni na sliku kako bi saznao vi\u0161e! Montenegro Dolphin Research Tamo gdje se nauka i javno djelovanje susre\u0107u Montenegro Sightings Network Osnovana s ciljem prikupljanja opa\u017eanja delfina od strane gra\u0111anskih nau\u010dnika du\u017e crnogorske obale i u njenim vodama. Keep An Eye Poma\u017eemo u koordinaciji akcija u slu\u010daju nasukavanja u ju\u017enom Jadranu. ENGAGE Unapre\u0111enje za\u0161tite prirode i biodiverziteta \u201eJu\u017enojadranskog-jonskog moreuza\u201c na podru\u010dju obuhva\u0107enom programom","og_url":"https:\/\/montenegrodolphinresearch.org\/me\/nasa-istrazivanja\/adriatic-sea\/","og_site_name":"Montenegro Dolphin Research","article_publisher":"https:\/\/www.facebook.com\/DMADforNature\/","article_modified_time":"2025-06-18T12:55:10+00:00","twitter_card":"summary_large_image","twitter_site":"@DMADforNature","twitter_misc":{"Est. reading time":"1 minute"},"schema":{"@context":"https:\/\/schema.org","@graph":[{"@type":"WebPage","@id":"https:\/\/montenegrodolphinresearch.org\/me\/nasa-istrazivanja\/adriatic-sea\/","url":"https:\/\/montenegrodolphinresearch.org\/me\/nasa-istrazivanja\/adriatic-sea\/","name":"Adriatic Sea | Montenegro Dolphin Research","isPartOf":{"@id":"https:\/\/montenegrodolphinresearch.org\/#website"},"datePublished":"2023-04-26T08:59:36+00:00","dateModified":"2025-06-18T12:55:10+00:00","breadcrumb":{"@id":"https:\/\/montenegrodolphinresearch.org\/me\/nasa-istrazivanja\/adriatic-sea\/#breadcrumb"},"inLanguage":"me-CG","potentialAction":[{"@type":"ReadAction","target":["https:\/\/montenegrodolphinresearch.org\/me\/nasa-istrazivanja\/adriatic-sea\/"]}]},{"@type":"BreadcrumbList","@id":"https:\/\/montenegrodolphinresearch.org\/me\/nasa-istrazivanja\/adriatic-sea\/#breadcrumb","itemListElement":[{"@type":"ListItem","position":1,"name":"Anasayfa","item":"https:\/\/montenegrodolphinresearch.org\/"},{"@type":"ListItem","position":2,"name":"Na\u0161a istra\u017eivanja","item":"https:\/\/montenegrodolphinresearch.org\/me\/nasa-istrazivanja\/"},{"@type":"ListItem","position":3,"name":"Adriatic Sea"}]},{"@type":"WebSite","@id":"https:\/\/montenegrodolphinresearch.org\/#website","url":"https:\/\/montenegrodolphinresearch.org\/","name":"Deniz Memelileri Ara\u015ft\u0131rma Derne\u011fi","description":"","publisher":{"@id":"https:\/\/montenegrodolphinresearch.org\/#organization"},"alternateName":"DMAD","potentialAction":[{"@type":"SearchAction","target":{"@type":"EntryPoint","urlTemplate":"https:\/\/montenegrodolphinresearch.org\/?s={search_term_string}"},"query-input":{"@type":"PropertyValueSpecification","valueRequired":true,"valueName":"search_term_string"}}],"inLanguage":"me-CG"},{"@type":"Organization","@id":"https:\/\/montenegrodolphinresearch.org\/#organization","name":"Deniz Memelileri Ara\u015ft\u0131rma Derne\u011fi","alternateName":"DMAD","url":"https:\/\/montenegrodolphinresearch.org\/","logo":{"@type":"ImageObject","inLanguage":"me-CG","@id":"https:\/\/montenegrodolphinresearch.org\/#\/schema\/logo\/image\/","url":"https:\/\/montenegrodolphinresearch.org\/wp-content\/uploads\/logo.png","contentUrl":"https:\/\/montenegrodolphinresearch.org\/wp-content\/uploads\/logo.png","width":140,"height":140,"caption":"Deniz Memelileri Ara\u015ft\u0131rma Derne\u011fi"},"image":{"@id":"https:\/\/montenegrodolphinresearch.org\/#\/schema\/logo\/image\/"},"sameAs":["https:\/\/www.facebook.com\/DMADforNature\/","https:\/\/x.com\/DMADforNature","https:\/\/www.instagram.com\/dmadfornature\/"]}]}},"_links":{"self":[{"href":"https:\/\/montenegrodolphinresearch.org\/me\/wp-json\/wp\/v2\/pages\/8455","targetHints":{"allow":["GET"]}}],"collection":[{"href":"https:\/\/montenegrodolphinresearch.org\/me\/wp-json\/wp\/v2\/pages"}],"about":[{"href":"https:\/\/montenegrodolphinresearch.org\/me\/wp-json\/wp\/v2\/types\/page"}],"author":[{"embeddable":true,"href":"https:\/\/montenegrodolphinresearch.org\/me\/wp-json\/wp\/v2\/users\/5"}],"replies":[{"embeddable":true,"href":"https:\/\/montenegrodolphinresearch.org\/me\/wp-json\/wp\/v2\/comments?post=8455"}],"version-history":[{"count":6,"href":"https:\/\/montenegrodolphinresearch.org\/me\/wp-json\/wp\/v2\/pages\/8455\/revisions"}],"predecessor-version":[{"id":8488,"href":"https:\/\/montenegrodolphinresearch.org\/me\/wp-json\/wp\/v2\/pages\/8455\/revisions\/8488"}],"up":[{"embeddable":true,"href":"https:\/\/montenegrodolphinresearch.org\/me\/wp-json\/wp\/v2\/pages\/8394"}],"wp:attachment":[{"href":"https:\/\/montenegrodolphinresearch.org\/me\/wp-json\/wp\/v2\/media?parent=8455"}],"curies":[{"name":"wp","href":"https:\/\/api.w.org\/{rel}","templated":true}]}}