{"id":8446,"date":"2023-04-26T12:05:47","date_gmt":"2023-04-26T09:05:47","guid":{"rendered":"https:\/\/montenegrodolphinresearch.org\/nasa-istrazivanja\/istocni-mediteran\/dolphins-in-the-bay\/"},"modified":"2025-06-18T15:35:51","modified_gmt":"2025-06-18T12:35:51","slug":"dolphins-in-the-bay","status":"publish","type":"page","link":"https:\/\/montenegrodolphinresearch.org\/me\/nasa-istrazivanja\/istocni-mediteran\/dolphins-in-the-bay\/","title":{"rendered":"Delfini u zalivu"},"content":{"rendered":"\t\t<div data-elementor-type=\"wp-page\" data-elementor-id=\"8446\" class=\"elementor elementor-8446\" data-elementor-post-type=\"page\">\n\t\t\t\t\t\t<section class=\"elementor-section elementor-top-section elementor-element elementor-element-6e722144 elementor-section-height-min-height elementor-section-stretched elementor-section-boxed elementor-section-height-default elementor-section-items-middle wpr-sticky-section-no\" data-id=\"6e722144\" data-element_type=\"section\" data-settings=\"{&quot;background_background&quot;:&quot;classic&quot;,&quot;stretch_section&quot;:&quot;section-stretched&quot;}\">\n\t\t\t\t\t\t<div class=\"elementor-container elementor-column-gap-default\">\n\t\t\t\t\t<div class=\"elementor-column elementor-col-100 elementor-top-column elementor-element elementor-element-2188aaef\" data-id=\"2188aaef\" data-element_type=\"column\">\n\t\t\t<div class=\"elementor-widget-wrap elementor-element-populated\">\n\t\t\t\t\t\t<div class=\"elementor-element elementor-element-3d060e6a elementor-widget elementor-widget-heading\" data-id=\"3d060e6a\" data-element_type=\"widget\" data-widget_type=\"heading.default\">\n\t\t\t\t<div class=\"elementor-widget-container\">\n\t\t\t\t\t<h1 class=\"elementor-heading-title elementor-size-default\">Delfini u zalivu\n<\/h1>\t\t\t\t<\/div>\n\t\t\t\t<\/div>\n\t\t\t\t\t<\/div>\n\t\t<\/div>\n\t\t\t\t\t<\/div>\n\t\t<\/section>\n\t\t\t\t<section class=\"elementor-section elementor-top-section elementor-element elementor-element-5749b437 elementor-section-boxed elementor-section-height-default elementor-section-height-default wpr-sticky-section-no\" data-id=\"5749b437\" data-element_type=\"section\">\n\t\t\t\t\t\t<div class=\"elementor-container elementor-column-gap-default\">\n\t\t\t\t\t<div class=\"elementor-column elementor-col-100 elementor-top-column elementor-element elementor-element-66469f05\" data-id=\"66469f05\" data-element_type=\"column\">\n\t\t\t<div class=\"elementor-widget-wrap elementor-element-populated\">\n\t\t\t\t\t\t<div class=\"elementor-element elementor-element-7ae64efb elementor-widget elementor-widget-text-editor\" data-id=\"7ae64efb\" data-element_type=\"widget\" data-widget_type=\"text-editor.default\">\n\t\t\t\t<div class=\"elementor-widget-container\">\n\t\t\t\t\t\t\t\t\t<h2>Rad u Antalijskom zalivu<\/h2><p>Tokom na\u0161eg istra\u017eivanja u Antaliji 2015. i 2016. godine, redovno smo nailazili na pliskavice i kivijerove kljunaste kitove u Antalijskom zalivu. Me\u0111utim, u posljednjih nekoliko godina zabilje\u017een je zabrinjavaju\u0107e nizak broj opa\u017eanja ovih \u017eivotinja, pa je projekat ponovo pokrenut u januaru 2020. godine kako bi se utvrdilo da li je zaista do\u0161lo do pada u brojnosti ovih vrsta.<\/p>\t\t\t\t\t\t\t\t<\/div>\n\t\t\t\t<\/div>\n\t\t\t\t\t<\/div>\n\t\t<\/div>\n\t\t\t\t\t<\/div>\n\t\t<\/section>\n\t\t\t\t<section class=\"elementor-section elementor-top-section elementor-element elementor-element-5d3dbf3 elementor-section-boxed elementor-section-height-default elementor-section-height-default wpr-sticky-section-no\" data-id=\"5d3dbf3\" data-element_type=\"section\">\n\t\t\t\t\t\t<div class=\"elementor-container elementor-column-gap-default\">\n\t\t\t\t\t<div class=\"elementor-column elementor-col-50 elementor-top-column elementor-element elementor-element-2786f9a\" data-id=\"2786f9a\" data-element_type=\"column\">\n\t\t\t<div class=\"elementor-widget-wrap elementor-element-populated\">\n\t\t\t\t\t\t<div class=\"elementor-element elementor-element-0f6a2b3 elementor-widget elementor-widget-image\" data-id=\"0f6a2b3\" data-element_type=\"widget\" data-widget_type=\"image.default\">\n\t\t\t\t<div class=\"elementor-widget-container\">\n\t\t\t\t\t\t\t\t\t\t\t\t\t\t\t\t<a href=\"https:\/\/montenegrodolphinresearch.org\/wp-content\/uploads\/IMG_5474-78d0a140-640w.webp\" data-elementor-open-lightbox=\"yes\" data-elementor-lightbox-title=\"IMG_5474-78d0a140-640w\" data-e-action-hash=\"#elementor-action%3Aaction%3Dlightbox%26settings%3DeyJpZCI6MTIzNCwidXJsIjoiaHR0cHM6XC9cL21vbnRlbmVncm9kb2xwaGlucmVzZWFyY2gub3JnXC93cC1jb250ZW50XC91cGxvYWRzXC9JTUdfNTQ3NC03OGQwYTE0MC02NDB3LndlYnAifQ%3D%3D\">\n\t\t\t\t\t\t\t<img fetchpriority=\"high\" decoding=\"async\" width=\"640\" height=\"480\" src=\"https:\/\/montenegrodolphinresearch.org\/wp-content\/uploads\/IMG_5474-78d0a140-640w.webp\" class=\"attachment-medium_large size-medium_large wp-image-1234\" alt=\"\" srcset=\"https:\/\/montenegrodolphinresearch.org\/wp-content\/uploads\/IMG_5474-78d0a140-640w.webp 640w, https:\/\/montenegrodolphinresearch.org\/wp-content\/uploads\/IMG_5474-78d0a140-640w-300x225.webp 300w\" sizes=\"(max-width: 640px) 100vw, 640px\" \/>\t\t\t\t\t\t\t\t<\/a>\n\t\t\t\t\t\t\t\t\t\t\t\t\t\t\t<\/div>\n\t\t\t\t<\/div>\n\t\t\t\t\t<\/div>\n\t\t<\/div>\n\t\t\t\t<div class=\"elementor-column elementor-col-50 elementor-top-column elementor-element elementor-element-eb9ccc9\" data-id=\"eb9ccc9\" data-element_type=\"column\">\n\t\t\t<div class=\"elementor-widget-wrap elementor-element-populated\">\n\t\t\t\t\t\t<div class=\"elementor-element elementor-element-4b48897 elementor-widget elementor-widget-image\" data-id=\"4b48897\" data-element_type=\"widget\" data-widget_type=\"image.default\">\n\t\t\t\t<div class=\"elementor-widget-container\">\n\t\t\t\t\t\t\t\t\t\t\t\t\t\t\t\t<a href=\"https:\/\/montenegrodolphinresearch.org\/wp-content\/uploads\/IMG_5469-640w.webp\" data-elementor-open-lightbox=\"yes\" data-elementor-lightbox-title=\"IMG_5469-640w\" data-e-action-hash=\"#elementor-action%3Aaction%3Dlightbox%26settings%3DeyJpZCI6MTIzNSwidXJsIjoiaHR0cHM6XC9cL21vbnRlbmVncm9kb2xwaGlucmVzZWFyY2gub3JnXC93cC1jb250ZW50XC91cGxvYWRzXC9JTUdfNTQ2OS02NDB3LndlYnAifQ%3D%3D\">\n\t\t\t\t\t\t\t<img decoding=\"async\" width=\"640\" height=\"480\" src=\"https:\/\/montenegrodolphinresearch.org\/wp-content\/uploads\/IMG_5469-640w.webp\" class=\"attachment-medium_large size-medium_large wp-image-1235\" alt=\"\" srcset=\"https:\/\/montenegrodolphinresearch.org\/wp-content\/uploads\/IMG_5469-640w.webp 640w, https:\/\/montenegrodolphinresearch.org\/wp-content\/uploads\/IMG_5469-640w-300x225.webp 300w\" sizes=\"(max-width: 640px) 100vw, 640px\" \/>\t\t\t\t\t\t\t\t<\/a>\n\t\t\t\t\t\t\t\t\t\t\t\t\t\t\t<\/div>\n\t\t\t\t<\/div>\n\t\t\t\t\t<\/div>\n\t\t<\/div>\n\t\t\t\t\t<\/div>\n\t\t<\/section>\n\t\t\t\t<section class=\"elementor-section elementor-top-section elementor-element elementor-element-7155f658 elementor-section-boxed elementor-section-height-default elementor-section-height-default wpr-sticky-section-no\" data-id=\"7155f658\" data-element_type=\"section\">\n\t\t\t\t\t\t<div class=\"elementor-container elementor-column-gap-default\">\n\t\t\t\t\t<div class=\"elementor-column elementor-col-100 elementor-top-column elementor-element elementor-element-5dc7e7fc\" data-id=\"5dc7e7fc\" data-element_type=\"column\">\n\t\t\t<div class=\"elementor-widget-wrap elementor-element-populated\">\n\t\t\t\t\t\t<div class=\"elementor-element elementor-element-6bffab48 elementor-widget elementor-widget-text-editor\" data-id=\"6bffab48\" data-element_type=\"widget\" data-widget_type=\"text-editor.default\">\n\t\t\t\t<div class=\"elementor-widget-container\">\n\t\t\t\t\t\t\t\t\t<p>Tokom na\u0161eg istra\u017eivanja u Antaliji 2015. i 2016. godine, redovno smo nailazili na pliskavice i kivijerove kljunaste kitove u Antalijskom zalivu. Me\u0111utim, u posljednjih nekoliko godina zabilje\u017een je zabrinjavaju\u0107e nizak broj opa\u017eanja ovih \u017eivotinja, pa je projekat ponovo pokrenut u januaru 2020. godine kako bi se utvrdilo da li je zaista do\u0161lo do pada u brojnosti ovih vrsta.<\/p><p>Projekat <em>Delfini u zalivu<\/em> koristi teodolite (specijalizovanu in\u017eenjersku opremu) sa visoko pozicioniranih ta\u010daka na liticama Antalije, kako bi se precizno mapirale pozicije kitova i delfina, ali i morskih plovila koja potencijalno uti\u010du na njih.<\/p>\t\t\t\t\t\t\t\t<\/div>\n\t\t\t\t<\/div>\n\t\t\t\t\t<\/div>\n\t\t<\/div>\n\t\t\t\t\t<\/div>\n\t\t<\/section>\n\t\t\t\t<\/div>\n\t\t","protected":false},"excerpt":{"rendered":"<p>Delfini u zalivu Rad u Antalijskom zalivu Tokom na\u0161eg istra\u017eivanja u Antaliji 2015. i 2016. godine, redovno smo nailazili na pliskavice i kivijerove kljunaste kitove u Antalijskom zalivu. Me\u0111utim, u posljednjih nekoliko godina zabilje\u017een je zabrinjavaju\u0107e nizak broj opa\u017eanja ovih \u017eivotinja, pa je projekat ponovo pokrenut u januaru 2020. godine kako bi se utvrdilo da li je zaista do\u0161lo do pada u brojnosti ovih vrsta. Tokom na\u0161eg istra\u017eivanja u Antaliji 2015. i 2016. godine, redovno smo nailazili na pliskavice i kivijerove kljunaste kitove u Antalijskom zalivu. Me\u0111utim, u posljednjih nekoliko godina zabilje\u017een je zabrinjavaju\u0107e nizak broj opa\u017eanja ovih \u017eivotinja, pa je projekat ponovo pokrenut u januaru 2020. godine kako bi se utvrdilo da li je zaista do\u0161lo do pada u brojnosti ovih vrsta. Projekat Delfini u zalivu koristi teodolite (specijalizovanu in\u017eenjersku opremu) sa visoko pozicioniranih ta\u010daka na liticama Antalije, kako bi se precizno mapirale pozicije kitova i delfina, ali i morskih plovila koja potencijalno uti\u010du na njih.<\/p>\n","protected":false},"author":5,"featured_media":0,"parent":8400,"menu_order":0,"comment_status":"closed","ping_status":"closed","template":"","meta":{"_acf_changed":false,"site-sidebar-layout":"no-sidebar","site-content-layout":"page-builder","ast-site-content-layout":"","site-content-style":"default","site-sidebar-style":"default","ast-global-header-display":"","ast-banner-title-visibility":"","ast-main-header-display":"","ast-hfb-above-header-display":"","ast-hfb-below-header-display":"","ast-hfb-mobile-header-display":"","site-post-title":"disabled","ast-breadcrumbs-content":"","ast-featured-img":"disabled","footer-sml-layout":"","theme-transparent-header-meta":"","adv-header-id-meta":"","stick-header-meta":"","header-above-stick-meta":"","header-main-stick-meta":"","header-below-stick-meta":"","astra-migrate-meta-layouts":"set","ast-page-background-enabled":"default","ast-page-background-meta":{"desktop":{"background-color":"var(--ast-global-color-4)","background-image":"","background-repeat":"repeat","background-position":"center center","background-size":"auto","background-attachment":"scroll","background-type":"","background-media":"","overlay-type":"","overlay-color":"","overlay-opacity":"","overlay-gradient":""},"tablet":{"background-color":"","background-image":"","background-repeat":"repeat","background-position":"center center","background-size":"auto","background-attachment":"scroll","background-type":"","background-media":"","overlay-type":"","overlay-color":"","overlay-opacity":"","overlay-gradient":""},"mobile":{"background-color":"","background-image":"","background-repeat":"repeat","background-position":"center center","background-size":"auto","background-attachment":"scroll","background-type":"","background-media":"","overlay-type":"","overlay-color":"","overlay-opacity":"","overlay-gradient":""}},"ast-content-background-meta":{"desktop":{"background-color":"var(--ast-global-color-5)","background-image":"","background-repeat":"repeat","background-position":"center center","background-size":"auto","background-attachment":"scroll","background-type":"","background-media":"","overlay-type":"","overlay-color":"","overlay-opacity":"","overlay-gradient":""},"tablet":{"background-color":"var(--ast-global-color-5)","background-image":"","background-repeat":"repeat","background-position":"center center","background-size":"auto","background-attachment":"scroll","background-type":"","background-media":"","overlay-type":"","overlay-color":"","overlay-opacity":"","overlay-gradient":""},"mobile":{"background-color":"var(--ast-global-color-5)","background-image":"","background-repeat":"repeat","background-position":"center center","background-size":"auto","background-attachment":"scroll","background-type":"","background-media":"","overlay-type":"","overlay-color":"","overlay-opacity":"","overlay-gradient":""}},"footnotes":""},"class_list":["post-8446","page","type-page","status-publish","hentry"],"acf":[],"yoast_head":"<!-- This site is optimized with the Yoast SEO plugin v26.1.1 - https:\/\/yoast.com\/wordpress\/plugins\/seo\/ -->\n<title>Delfini u zalivu | Montenegro Dolphin Research<\/title>\n<meta name=\"robots\" content=\"index, follow, max-snippet:-1, max-image-preview:large, max-video-preview:-1\" \/>\n<link rel=\"canonical\" href=\"https:\/\/montenegrodolphinresearch.org\/me\/nasa-istrazivanja\/istocni-mediteran\/dolphins-in-the-bay\/\" \/>\n<meta property=\"og:locale\" content=\"en_US\" \/>\n<meta property=\"og:type\" content=\"article\" \/>\n<meta property=\"og:title\" content=\"Delfini u zalivu | Montenegro Dolphin Research\" \/>\n<meta property=\"og:description\" content=\"Delfini u zalivu Rad u Antalijskom zalivu Tokom na\u0161eg istra\u017eivanja u Antaliji 2015. i 2016. godine, redovno smo nailazili na pliskavice i kivijerove kljunaste kitove u Antalijskom zalivu. Me\u0111utim, u posljednjih nekoliko godina zabilje\u017een je zabrinjavaju\u0107e nizak broj opa\u017eanja ovih \u017eivotinja, pa je projekat ponovo pokrenut u januaru 2020. godine kako bi se utvrdilo da li je zaista do\u0161lo do pada u brojnosti ovih vrsta. Tokom na\u0161eg istra\u017eivanja u Antaliji 2015. i 2016. godine, redovno smo nailazili na pliskavice i kivijerove kljunaste kitove u Antalijskom zalivu. Me\u0111utim, u posljednjih nekoliko godina zabilje\u017een je zabrinjavaju\u0107e nizak broj opa\u017eanja ovih \u017eivotinja, pa je projekat ponovo pokrenut u januaru 2020. godine kako bi se utvrdilo da li je zaista do\u0161lo do pada u brojnosti ovih vrsta. Projekat Delfini u zalivu koristi teodolite (specijalizovanu in\u017eenjersku opremu) sa visoko pozicioniranih ta\u010daka na liticama Antalije, kako bi se precizno mapirale pozicije kitova i delfina, ali i morskih plovila koja potencijalno uti\u010du na njih.\" \/>\n<meta property=\"og:url\" content=\"https:\/\/montenegrodolphinresearch.org\/me\/nasa-istrazivanja\/istocni-mediteran\/dolphins-in-the-bay\/\" \/>\n<meta property=\"og:site_name\" content=\"Montenegro Dolphin Research\" \/>\n<meta property=\"article:publisher\" content=\"https:\/\/www.facebook.com\/DMADforNature\/\" \/>\n<meta property=\"article:modified_time\" content=\"2025-06-18T12:35:51+00:00\" \/>\n<meta property=\"og:image\" content=\"https:\/\/montenegrodolphinresearch.org\/wp-content\/uploads\/IMG_5474-78d0a140-640w.webp\" \/>\n\t<meta property=\"og:image:width\" content=\"640\" \/>\n\t<meta property=\"og:image:height\" content=\"480\" \/>\n\t<meta property=\"og:image:type\" content=\"image\/webp\" \/>\n<meta name=\"twitter:card\" content=\"summary_large_image\" \/>\n<meta name=\"twitter:site\" content=\"@DMADforNature\" \/>\n<meta name=\"twitter:label1\" content=\"Est. reading time\" \/>\n\t<meta name=\"twitter:data1\" content=\"2 minutes\" \/>\n<script type=\"application\/ld+json\" class=\"yoast-schema-graph\">{\"@context\":\"https:\/\/schema.org\",\"@graph\":[{\"@type\":\"WebPage\",\"@id\":\"https:\/\/montenegrodolphinresearch.org\/me\/nasa-istrazivanja\/istocni-mediteran\/dolphins-in-the-bay\/\",\"url\":\"https:\/\/montenegrodolphinresearch.org\/me\/nasa-istrazivanja\/istocni-mediteran\/dolphins-in-the-bay\/\",\"name\":\"Delfini u zalivu | Montenegro Dolphin Research\",\"isPartOf\":{\"@id\":\"https:\/\/montenegrodolphinresearch.org\/#website\"},\"primaryImageOfPage\":{\"@id\":\"https:\/\/montenegrodolphinresearch.org\/me\/nasa-istrazivanja\/istocni-mediteran\/dolphins-in-the-bay\/#primaryimage\"},\"image\":{\"@id\":\"https:\/\/montenegrodolphinresearch.org\/me\/nasa-istrazivanja\/istocni-mediteran\/dolphins-in-the-bay\/#primaryimage\"},\"thumbnailUrl\":\"https:\/\/montenegrodolphinresearch.org\/wp-content\/uploads\/IMG_5474-78d0a140-640w.webp\",\"datePublished\":\"2023-04-26T09:05:47+00:00\",\"dateModified\":\"2025-06-18T12:35:51+00:00\",\"breadcrumb\":{\"@id\":\"https:\/\/montenegrodolphinresearch.org\/me\/nasa-istrazivanja\/istocni-mediteran\/dolphins-in-the-bay\/#breadcrumb\"},\"inLanguage\":\"me-CG\",\"potentialAction\":[{\"@type\":\"ReadAction\",\"target\":[\"https:\/\/montenegrodolphinresearch.org\/me\/nasa-istrazivanja\/istocni-mediteran\/dolphins-in-the-bay\/\"]}]},{\"@type\":\"ImageObject\",\"inLanguage\":\"me-CG\",\"@id\":\"https:\/\/montenegrodolphinresearch.org\/me\/nasa-istrazivanja\/istocni-mediteran\/dolphins-in-the-bay\/#primaryimage\",\"url\":\"https:\/\/montenegrodolphinresearch.org\/wp-content\/uploads\/IMG_5474-78d0a140-640w.webp\",\"contentUrl\":\"https:\/\/montenegrodolphinresearch.org\/wp-content\/uploads\/IMG_5474-78d0a140-640w.webp\"},{\"@type\":\"BreadcrumbList\",\"@id\":\"https:\/\/montenegrodolphinresearch.org\/me\/nasa-istrazivanja\/istocni-mediteran\/dolphins-in-the-bay\/#breadcrumb\",\"itemListElement\":[{\"@type\":\"ListItem\",\"position\":1,\"name\":\"Anasayfa\",\"item\":\"https:\/\/montenegrodolphinresearch.org\/\"},{\"@type\":\"ListItem\",\"position\":2,\"name\":\"Na\u0161a istra\u017eivanja\",\"item\":\"https:\/\/montenegrodolphinresearch.org\/me\/nasa-istrazivanja\/\"},{\"@type\":\"ListItem\",\"position\":3,\"name\":\"Isto\u010dni Mediteran\",\"item\":\"https:\/\/montenegrodolphinresearch.org\/me\/nasa-istrazivanja\/istocni-mediteran\/\"},{\"@type\":\"ListItem\",\"position\":4,\"name\":\"Delfini u zalivu\"}]},{\"@type\":\"WebSite\",\"@id\":\"https:\/\/montenegrodolphinresearch.org\/#website\",\"url\":\"https:\/\/montenegrodolphinresearch.org\/\",\"name\":\"Deniz Memelileri Ara\u015ft\u0131rma Derne\u011fi\",\"description\":\"\",\"publisher\":{\"@id\":\"https:\/\/montenegrodolphinresearch.org\/#organization\"},\"alternateName\":\"DMAD\",\"potentialAction\":[{\"@type\":\"SearchAction\",\"target\":{\"@type\":\"EntryPoint\",\"urlTemplate\":\"https:\/\/montenegrodolphinresearch.org\/?s={search_term_string}\"},\"query-input\":{\"@type\":\"PropertyValueSpecification\",\"valueRequired\":true,\"valueName\":\"search_term_string\"}}],\"inLanguage\":\"me-CG\"},{\"@type\":\"Organization\",\"@id\":\"https:\/\/montenegrodolphinresearch.org\/#organization\",\"name\":\"Deniz Memelileri Ara\u015ft\u0131rma Derne\u011fi\",\"alternateName\":\"DMAD\",\"url\":\"https:\/\/montenegrodolphinresearch.org\/\",\"logo\":{\"@type\":\"ImageObject\",\"inLanguage\":\"me-CG\",\"@id\":\"https:\/\/montenegrodolphinresearch.org\/#\/schema\/logo\/image\/\",\"url\":\"https:\/\/montenegrodolphinresearch.org\/wp-content\/uploads\/logo.png\",\"contentUrl\":\"https:\/\/montenegrodolphinresearch.org\/wp-content\/uploads\/logo.png\",\"width\":140,\"height\":140,\"caption\":\"Deniz Memelileri Ara\u015ft\u0131rma Derne\u011fi\"},\"image\":{\"@id\":\"https:\/\/montenegrodolphinresearch.org\/#\/schema\/logo\/image\/\"},\"sameAs\":[\"https:\/\/www.facebook.com\/DMADforNature\/\",\"https:\/\/x.com\/DMADforNature\",\"https:\/\/www.instagram.com\/dmadfornature\/\"]}]}<\/script>\n<!-- \/ Yoast SEO plugin. -->","yoast_head_json":{"title":"Delfini u zalivu | Montenegro Dolphin Research","robots":{"index":"index","follow":"follow","max-snippet":"max-snippet:-1","max-image-preview":"max-image-preview:large","max-video-preview":"max-video-preview:-1"},"canonical":"https:\/\/montenegrodolphinresearch.org\/me\/nasa-istrazivanja\/istocni-mediteran\/dolphins-in-the-bay\/","og_locale":"en_US","og_type":"article","og_title":"Delfini u zalivu | Montenegro Dolphin Research","og_description":"Delfini u zalivu Rad u Antalijskom zalivu Tokom na\u0161eg istra\u017eivanja u Antaliji 2015. i 2016. godine, redovno smo nailazili na pliskavice i kivijerove kljunaste kitove u Antalijskom zalivu. Me\u0111utim, u posljednjih nekoliko godina zabilje\u017een je zabrinjavaju\u0107e nizak broj opa\u017eanja ovih \u017eivotinja, pa je projekat ponovo pokrenut u januaru 2020. godine kako bi se utvrdilo da li je zaista do\u0161lo do pada u brojnosti ovih vrsta. Tokom na\u0161eg istra\u017eivanja u Antaliji 2015. i 2016. godine, redovno smo nailazili na pliskavice i kivijerove kljunaste kitove u Antalijskom zalivu. Me\u0111utim, u posljednjih nekoliko godina zabilje\u017een je zabrinjavaju\u0107e nizak broj opa\u017eanja ovih \u017eivotinja, pa je projekat ponovo pokrenut u januaru 2020. godine kako bi se utvrdilo da li je zaista do\u0161lo do pada u brojnosti ovih vrsta. Projekat Delfini u zalivu koristi teodolite (specijalizovanu in\u017eenjersku opremu) sa visoko pozicioniranih ta\u010daka na liticama Antalije, kako bi se precizno mapirale pozicije kitova i delfina, ali i morskih plovila koja potencijalno uti\u010du na njih.","og_url":"https:\/\/montenegrodolphinresearch.org\/me\/nasa-istrazivanja\/istocni-mediteran\/dolphins-in-the-bay\/","og_site_name":"Montenegro Dolphin Research","article_publisher":"https:\/\/www.facebook.com\/DMADforNature\/","article_modified_time":"2025-06-18T12:35:51+00:00","og_image":[{"width":640,"height":480,"url":"https:\/\/montenegrodolphinresearch.org\/wp-content\/uploads\/IMG_5474-78d0a140-640w.webp","type":"image\/webp"}],"twitter_card":"summary_large_image","twitter_site":"@DMADforNature","twitter_misc":{"Est. reading time":"2 minutes"},"schema":{"@context":"https:\/\/schema.org","@graph":[{"@type":"WebPage","@id":"https:\/\/montenegrodolphinresearch.org\/me\/nasa-istrazivanja\/istocni-mediteran\/dolphins-in-the-bay\/","url":"https:\/\/montenegrodolphinresearch.org\/me\/nasa-istrazivanja\/istocni-mediteran\/dolphins-in-the-bay\/","name":"Delfini u zalivu | Montenegro Dolphin Research","isPartOf":{"@id":"https:\/\/montenegrodolphinresearch.org\/#website"},"primaryImageOfPage":{"@id":"https:\/\/montenegrodolphinresearch.org\/me\/nasa-istrazivanja\/istocni-mediteran\/dolphins-in-the-bay\/#primaryimage"},"image":{"@id":"https:\/\/montenegrodolphinresearch.org\/me\/nasa-istrazivanja\/istocni-mediteran\/dolphins-in-the-bay\/#primaryimage"},"thumbnailUrl":"https:\/\/montenegrodolphinresearch.org\/wp-content\/uploads\/IMG_5474-78d0a140-640w.webp","datePublished":"2023-04-26T09:05:47+00:00","dateModified":"2025-06-18T12:35:51+00:00","breadcrumb":{"@id":"https:\/\/montenegrodolphinresearch.org\/me\/nasa-istrazivanja\/istocni-mediteran\/dolphins-in-the-bay\/#breadcrumb"},"inLanguage":"me-CG","potentialAction":[{"@type":"ReadAction","target":["https:\/\/montenegrodolphinresearch.org\/me\/nasa-istrazivanja\/istocni-mediteran\/dolphins-in-the-bay\/"]}]},{"@type":"ImageObject","inLanguage":"me-CG","@id":"https:\/\/montenegrodolphinresearch.org\/me\/nasa-istrazivanja\/istocni-mediteran\/dolphins-in-the-bay\/#primaryimage","url":"https:\/\/montenegrodolphinresearch.org\/wp-content\/uploads\/IMG_5474-78d0a140-640w.webp","contentUrl":"https:\/\/montenegrodolphinresearch.org\/wp-content\/uploads\/IMG_5474-78d0a140-640w.webp"},{"@type":"BreadcrumbList","@id":"https:\/\/montenegrodolphinresearch.org\/me\/nasa-istrazivanja\/istocni-mediteran\/dolphins-in-the-bay\/#breadcrumb","itemListElement":[{"@type":"ListItem","position":1,"name":"Anasayfa","item":"https:\/\/montenegrodolphinresearch.org\/"},{"@type":"ListItem","position":2,"name":"Na\u0161a istra\u017eivanja","item":"https:\/\/montenegrodolphinresearch.org\/me\/nasa-istrazivanja\/"},{"@type":"ListItem","position":3,"name":"Isto\u010dni Mediteran","item":"https:\/\/montenegrodolphinresearch.org\/me\/nasa-istrazivanja\/istocni-mediteran\/"},{"@type":"ListItem","position":4,"name":"Delfini u zalivu"}]},{"@type":"WebSite","@id":"https:\/\/montenegrodolphinresearch.org\/#website","url":"https:\/\/montenegrodolphinresearch.org\/","name":"Deniz Memelileri Ara\u015ft\u0131rma Derne\u011fi","description":"","publisher":{"@id":"https:\/\/montenegrodolphinresearch.org\/#organization"},"alternateName":"DMAD","potentialAction":[{"@type":"SearchAction","target":{"@type":"EntryPoint","urlTemplate":"https:\/\/montenegrodolphinresearch.org\/?s={search_term_string}"},"query-input":{"@type":"PropertyValueSpecification","valueRequired":true,"valueName":"search_term_string"}}],"inLanguage":"me-CG"},{"@type":"Organization","@id":"https:\/\/montenegrodolphinresearch.org\/#organization","name":"Deniz Memelileri Ara\u015ft\u0131rma Derne\u011fi","alternateName":"DMAD","url":"https:\/\/montenegrodolphinresearch.org\/","logo":{"@type":"ImageObject","inLanguage":"me-CG","@id":"https:\/\/montenegrodolphinresearch.org\/#\/schema\/logo\/image\/","url":"https:\/\/montenegrodolphinresearch.org\/wp-content\/uploads\/logo.png","contentUrl":"https:\/\/montenegrodolphinresearch.org\/wp-content\/uploads\/logo.png","width":140,"height":140,"caption":"Deniz Memelileri Ara\u015ft\u0131rma Derne\u011fi"},"image":{"@id":"https:\/\/montenegrodolphinresearch.org\/#\/schema\/logo\/image\/"},"sameAs":["https:\/\/www.facebook.com\/DMADforNature\/","https:\/\/x.com\/DMADforNature","https:\/\/www.instagram.com\/dmadfornature\/"]}]}},"_links":{"self":[{"href":"https:\/\/montenegrodolphinresearch.org\/me\/wp-json\/wp\/v2\/pages\/8446","targetHints":{"allow":["GET"]}}],"collection":[{"href":"https:\/\/montenegrodolphinresearch.org\/me\/wp-json\/wp\/v2\/pages"}],"about":[{"href":"https:\/\/montenegrodolphinresearch.org\/me\/wp-json\/wp\/v2\/types\/page"}],"author":[{"embeddable":true,"href":"https:\/\/montenegrodolphinresearch.org\/me\/wp-json\/wp\/v2\/users\/5"}],"replies":[{"embeddable":true,"href":"https:\/\/montenegrodolphinresearch.org\/me\/wp-json\/wp\/v2\/comments?post=8446"}],"version-history":[{"count":4,"href":"https:\/\/montenegrodolphinresearch.org\/me\/wp-json\/wp\/v2\/pages\/8446\/revisions"}],"predecessor-version":[{"id":8450,"href":"https:\/\/montenegrodolphinresearch.org\/me\/wp-json\/wp\/v2\/pages\/8446\/revisions\/8450"}],"up":[{"embeddable":true,"href":"https:\/\/montenegrodolphinresearch.org\/me\/wp-json\/wp\/v2\/pages\/8400"}],"wp:attachment":[{"href":"https:\/\/montenegrodolphinresearch.org\/me\/wp-json\/wp\/v2\/media?parent=8446"}],"curies":[{"name":"wp","href":"https:\/\/api.w.org\/{rel}","templated":true}]}}