{"id":8433,"date":"2023-04-26T12:07:23","date_gmt":"2023-04-26T09:07:23","guid":{"rendered":"https:\/\/montenegrodolphinresearch.org\/nasa-istrazivanja\/istocni-mediteran\/dolphins-of-the-istanbul-strait\/"},"modified":"2025-06-18T15:28:25","modified_gmt":"2025-06-18T12:28:25","slug":"dolphins-of-the-istanbul-strait","status":"publish","type":"page","link":"https:\/\/montenegrodolphinresearch.org\/me\/nasa-istrazivanja\/istocni-mediteran\/dolphins-of-the-istanbul-strait\/","title":{"rendered":"Delfini Istanbulskog moreuza"},"content":{"rendered":"\t\t<div data-elementor-type=\"wp-page\" data-elementor-id=\"8433\" class=\"elementor elementor-8433\" data-elementor-post-type=\"page\">\n\t\t\t\t\t\t<section class=\"elementor-section elementor-top-section elementor-element elementor-element-5d11c2e9 elementor-section-height-min-height elementor-section-stretched elementor-section-boxed elementor-section-height-default elementor-section-items-middle wpr-sticky-section-no\" data-id=\"5d11c2e9\" data-element_type=\"section\" data-settings=\"{&quot;background_background&quot;:&quot;classic&quot;,&quot;stretch_section&quot;:&quot;section-stretched&quot;}\">\n\t\t\t\t\t\t<div class=\"elementor-container elementor-column-gap-default\">\n\t\t\t\t\t<div class=\"elementor-column elementor-col-100 elementor-top-column elementor-element elementor-element-57866668\" data-id=\"57866668\" data-element_type=\"column\">\n\t\t\t<div class=\"elementor-widget-wrap elementor-element-populated\">\n\t\t\t\t\t\t<div class=\"elementor-element elementor-element-fc240ea elementor-widget elementor-widget-heading\" data-id=\"fc240ea\" data-element_type=\"widget\" data-widget_type=\"heading.default\">\n\t\t\t\t<div class=\"elementor-widget-container\">\n\t\t\t\t\t<h1 class=\"elementor-heading-title elementor-size-default\">Delfini Istanbulskog moreuza\n<\/h1>\t\t\t\t<\/div>\n\t\t\t\t<\/div>\n\t\t\t\t\t<\/div>\n\t\t<\/div>\n\t\t\t\t\t<\/div>\n\t\t<\/section>\n\t\t\t\t<section class=\"elementor-section elementor-top-section elementor-element elementor-element-2c081325 elementor-section-boxed elementor-section-height-default elementor-section-height-default wpr-sticky-section-no\" data-id=\"2c081325\" data-element_type=\"section\">\n\t\t\t\t\t\t<div class=\"elementor-container elementor-column-gap-default\">\n\t\t\t\t\t<div class=\"elementor-column elementor-col-100 elementor-top-column elementor-element elementor-element-6639bb2c\" data-id=\"6639bb2c\" data-element_type=\"column\">\n\t\t\t<div class=\"elementor-widget-wrap elementor-element-populated\">\n\t\t\t\t\t\t<div class=\"elementor-element elementor-element-633f3a87 elementor-widget elementor-widget-text-editor\" data-id=\"633f3a87\" data-element_type=\"widget\" data-widget_type=\"text-editor.default\">\n\t\t\t\t<div class=\"elementor-widget-container\">\n\t\t\t\t\t\t\t\t\t<h2>Pra\u0107enje morskih sisara u podru\u010dju intenzivnog pomorskog saobra\u0107aja<\/h2><div id=\"1144088973\" class=\"u_1144088973 dmNewParagraph\"><div><div>Na\u0161 rad u saradnji sa WWF-om Turska obuhvata cijeli Istanbulski moreuz, podru\u010dje izuzetno intenzivnog pomorskog saobra\u0107aja, gdje prikupljamo fotografije za a\u017euriranje kataloga foto-identifikacije koji se vodi vi\u0161e od deset godina.<\/div><\/div><\/div>\t\t\t\t\t\t\t\t<\/div>\n\t\t\t\t<\/div>\n\t\t\t\t\t<\/div>\n\t\t<\/div>\n\t\t\t\t\t<\/div>\n\t\t<\/section>\n\t\t\t\t<section class=\"elementor-section elementor-top-section elementor-element elementor-element-7c5b752 elementor-section-boxed elementor-section-height-default elementor-section-height-default wpr-sticky-section-no\" data-id=\"7c5b752\" data-element_type=\"section\">\n\t\t\t\t\t\t<div class=\"elementor-container elementor-column-gap-default\">\n\t\t\t\t\t<div class=\"elementor-column elementor-col-100 elementor-top-column elementor-element elementor-element-31392d5\" data-id=\"31392d5\" data-element_type=\"column\">\n\t\t\t<div class=\"elementor-widget-wrap elementor-element-populated\">\n\t\t\t\t\t\t<div class=\"elementor-element elementor-element-1f0a771 elementor-widget elementor-widget-image\" data-id=\"1f0a771\" data-element_type=\"widget\" data-widget_type=\"image.default\">\n\t\t\t\t<div class=\"elementor-widget-container\">\n\t\t\t\t\t\t\t\t\t\t\t\t\t\t\t<img fetchpriority=\"high\" decoding=\"async\" width=\"1024\" height=\"684\" src=\"https:\/\/montenegrodolphinresearch.org\/wp-content\/uploads\/Ist2-1920w-1024x684.webp\" class=\"attachment-large size-large wp-image-1215\" alt=\"\" srcset=\"https:\/\/montenegrodolphinresearch.org\/wp-content\/uploads\/Ist2-1920w-1024x684.webp 1024w, https:\/\/montenegrodolphinresearch.org\/wp-content\/uploads\/Ist2-1920w-300x200.webp 300w, https:\/\/montenegrodolphinresearch.org\/wp-content\/uploads\/Ist2-1920w-768x513.webp 768w, https:\/\/montenegrodolphinresearch.org\/wp-content\/uploads\/Ist2-1920w-1536x1025.webp 1536w, https:\/\/montenegrodolphinresearch.org\/wp-content\/uploads\/Ist2-1920w.webp 1600w\" sizes=\"(max-width: 1024px) 100vw, 1024px\" \/>\t\t\t\t\t\t\t\t\t\t\t\t\t\t\t<\/div>\n\t\t\t\t<\/div>\n\t\t\t\t\t<\/div>\n\t\t<\/div>\n\t\t\t\t\t<\/div>\n\t\t<\/section>\n\t\t\t\t<section class=\"elementor-section elementor-top-section elementor-element elementor-element-5f96f579 elementor-section-boxed elementor-section-height-default elementor-section-height-default wpr-sticky-section-no\" data-id=\"5f96f579\" data-element_type=\"section\">\n\t\t\t\t\t\t<div class=\"elementor-container elementor-column-gap-default\">\n\t\t\t\t\t<div class=\"elementor-column elementor-col-100 elementor-top-column elementor-element elementor-element-63bf0c18\" data-id=\"63bf0c18\" data-element_type=\"column\">\n\t\t\t<div class=\"elementor-widget-wrap elementor-element-populated\">\n\t\t\t\t\t\t<div class=\"elementor-element elementor-element-60717c12 elementor-widget elementor-widget-text-editor\" data-id=\"60717c12\" data-element_type=\"widget\" data-widget_type=\"text-editor.default\">\n\t\t\t\t<div class=\"elementor-widget-container\">\n\t\t\t\t\t\t\t\t\t<p>Ove fotografije se upore\u0111uju sa postoje\u0107im katalogom kako bi se utvrdilo da li iste jedinke delfina i pliskavica koriste moreuz, te da li se zadr\u017eavaju u jednom dijelu moreuza ili se kre\u0107u izme\u0111u razli\u010ditih podru\u010dja. Tako\u0111e prikupljamo podatke o pona\u0161anju kako bismo utvrdili da li na pona\u0161anje delfina uti\u010de prisustvo intenzivnog pomorskog saobra\u0107aja.<\/p>\t\t\t\t\t\t\t\t<\/div>\n\t\t\t\t<\/div>\n\t\t\t\t\t<\/div>\n\t\t<\/div>\n\t\t\t\t\t<\/div>\n\t\t<\/section>\n\t\t\t\t<\/div>\n\t\t","protected":false},"excerpt":{"rendered":"<p>Delfini Istanbulskog moreuza Pra\u0107enje morskih sisara u podru\u010dju intenzivnog pomorskog saobra\u0107aja Na\u0161 rad u saradnji sa WWF-om Turska obuhvata cijeli Istanbulski moreuz, podru\u010dje izuzetno intenzivnog pomorskog saobra\u0107aja, gdje prikupljamo fotografije za a\u017euriranje kataloga foto-identifikacije koji se vodi vi\u0161e od deset godina. Ove fotografije se upore\u0111uju sa postoje\u0107im katalogom kako bi se utvrdilo da li iste jedinke delfina i pliskavica koriste moreuz, te da li se zadr\u017eavaju u jednom dijelu moreuza ili se kre\u0107u izme\u0111u razli\u010ditih podru\u010dja. Tako\u0111e prikupljamo podatke o pona\u0161anju kako bismo utvrdili da li na pona\u0161anje delfina uti\u010de prisustvo intenzivnog pomorskog saobra\u0107aja.<\/p>\n","protected":false},"author":5,"featured_media":0,"parent":8400,"menu_order":0,"comment_status":"closed","ping_status":"closed","template":"","meta":{"_acf_changed":false,"site-sidebar-layout":"no-sidebar","site-content-layout":"page-builder","ast-site-content-layout":"","site-content-style":"default","site-sidebar-style":"default","ast-global-header-display":"","ast-banner-title-visibility":"","ast-main-header-display":"","ast-hfb-above-header-display":"","ast-hfb-below-header-display":"","ast-hfb-mobile-header-display":"","site-post-title":"disabled","ast-breadcrumbs-content":"","ast-featured-img":"disabled","footer-sml-layout":"","theme-transparent-header-meta":"","adv-header-id-meta":"","stick-header-meta":"","header-above-stick-meta":"","header-main-stick-meta":"","header-below-stick-meta":"","astra-migrate-meta-layouts":"set","ast-page-background-enabled":"default","ast-page-background-meta":{"desktop":{"background-color":"var(--ast-global-color-4)","background-image":"","background-repeat":"repeat","background-position":"center center","background-size":"auto","background-attachment":"scroll","background-type":"","background-media":"","overlay-type":"","overlay-color":"","overlay-opacity":"","overlay-gradient":""},"tablet":{"background-color":"","background-image":"","background-repeat":"repeat","background-position":"center center","background-size":"auto","background-attachment":"scroll","background-type":"","background-media":"","overlay-type":"","overlay-color":"","overlay-opacity":"","overlay-gradient":""},"mobile":{"background-color":"","background-image":"","background-repeat":"repeat","background-position":"center center","background-size":"auto","background-attachment":"scroll","background-type":"","background-media":"","overlay-type":"","overlay-color":"","overlay-opacity":"","overlay-gradient":""}},"ast-content-background-meta":{"desktop":{"background-color":"var(--ast-global-color-5)","background-image":"","background-repeat":"repeat","background-position":"center center","background-size":"auto","background-attachment":"scroll","background-type":"","background-media":"","overlay-type":"","overlay-color":"","overlay-opacity":"","overlay-gradient":""},"tablet":{"background-color":"var(--ast-global-color-5)","background-image":"","background-repeat":"repeat","background-position":"center center","background-size":"auto","background-attachment":"scroll","background-type":"","background-media":"","overlay-type":"","overlay-color":"","overlay-opacity":"","overlay-gradient":""},"mobile":{"background-color":"var(--ast-global-color-5)","background-image":"","background-repeat":"repeat","background-position":"center center","background-size":"auto","background-attachment":"scroll","background-type":"","background-media":"","overlay-type":"","overlay-color":"","overlay-opacity":"","overlay-gradient":""}},"footnotes":""},"class_list":["post-8433","page","type-page","status-publish","hentry"],"acf":[],"yoast_head":"<!-- This site is optimized with the Yoast SEO plugin v26.1.1 - https:\/\/yoast.com\/wordpress\/plugins\/seo\/ -->\n<title>Delfini Istanbulskog moreuza | Montenegro Dolphin Research<\/title>\n<meta name=\"robots\" content=\"index, follow, max-snippet:-1, max-image-preview:large, max-video-preview:-1\" \/>\n<link rel=\"canonical\" href=\"https:\/\/montenegrodolphinresearch.org\/me\/nasa-istrazivanja\/istocni-mediteran\/dolphins-of-the-istanbul-strait\/\" \/>\n<meta property=\"og:locale\" content=\"en_US\" \/>\n<meta property=\"og:type\" content=\"article\" \/>\n<meta property=\"og:title\" content=\"Delfini Istanbulskog moreuza | Montenegro Dolphin Research\" \/>\n<meta property=\"og:description\" content=\"Delfini Istanbulskog moreuza Pra\u0107enje morskih sisara u podru\u010dju intenzivnog pomorskog saobra\u0107aja Na\u0161 rad u saradnji sa WWF-om Turska obuhvata cijeli Istanbulski moreuz, podru\u010dje izuzetno intenzivnog pomorskog saobra\u0107aja, gdje prikupljamo fotografije za a\u017euriranje kataloga foto-identifikacije koji se vodi vi\u0161e od deset godina. Ove fotografije se upore\u0111uju sa postoje\u0107im katalogom kako bi se utvrdilo da li iste jedinke delfina i pliskavica koriste moreuz, te da li se zadr\u017eavaju u jednom dijelu moreuza ili se kre\u0107u izme\u0111u razli\u010ditih podru\u010dja. Tako\u0111e prikupljamo podatke o pona\u0161anju kako bismo utvrdili da li na pona\u0161anje delfina uti\u010de prisustvo intenzivnog pomorskog saobra\u0107aja.\" \/>\n<meta property=\"og:url\" content=\"https:\/\/montenegrodolphinresearch.org\/me\/nasa-istrazivanja\/istocni-mediteran\/dolphins-of-the-istanbul-strait\/\" \/>\n<meta property=\"og:site_name\" content=\"Montenegro Dolphin Research\" \/>\n<meta property=\"article:publisher\" content=\"https:\/\/www.facebook.com\/DMADforNature\/\" \/>\n<meta property=\"article:modified_time\" content=\"2025-06-18T12:28:25+00:00\" \/>\n<meta property=\"og:image\" content=\"https:\/\/montenegrodolphinresearch.org\/wp-content\/uploads\/Ist2-1920w.webp\" \/>\n\t<meta property=\"og:image:width\" content=\"1600\" \/>\n\t<meta property=\"og:image:height\" content=\"1068\" \/>\n\t<meta property=\"og:image:type\" content=\"image\/webp\" \/>\n<meta name=\"twitter:card\" content=\"summary_large_image\" \/>\n<meta name=\"twitter:site\" content=\"@DMADforNature\" \/>\n<meta name=\"twitter:label1\" content=\"Est. reading time\" \/>\n\t<meta name=\"twitter:data1\" content=\"1 minute\" \/>\n<script type=\"application\/ld+json\" class=\"yoast-schema-graph\">{\"@context\":\"https:\/\/schema.org\",\"@graph\":[{\"@type\":\"WebPage\",\"@id\":\"https:\/\/montenegrodolphinresearch.org\/me\/nasa-istrazivanja\/istocni-mediteran\/dolphins-of-the-istanbul-strait\/\",\"url\":\"https:\/\/montenegrodolphinresearch.org\/me\/nasa-istrazivanja\/istocni-mediteran\/dolphins-of-the-istanbul-strait\/\",\"name\":\"Delfini Istanbulskog moreuza | Montenegro Dolphin Research\",\"isPartOf\":{\"@id\":\"https:\/\/montenegrodolphinresearch.org\/#website\"},\"primaryImageOfPage\":{\"@id\":\"https:\/\/montenegrodolphinresearch.org\/me\/nasa-istrazivanja\/istocni-mediteran\/dolphins-of-the-istanbul-strait\/#primaryimage\"},\"image\":{\"@id\":\"https:\/\/montenegrodolphinresearch.org\/me\/nasa-istrazivanja\/istocni-mediteran\/dolphins-of-the-istanbul-strait\/#primaryimage\"},\"thumbnailUrl\":\"https:\/\/montenegrodolphinresearch.org\/wp-content\/uploads\/Ist2-1920w-1024x684.webp\",\"datePublished\":\"2023-04-26T09:07:23+00:00\",\"dateModified\":\"2025-06-18T12:28:25+00:00\",\"breadcrumb\":{\"@id\":\"https:\/\/montenegrodolphinresearch.org\/me\/nasa-istrazivanja\/istocni-mediteran\/dolphins-of-the-istanbul-strait\/#breadcrumb\"},\"inLanguage\":\"me-CG\",\"potentialAction\":[{\"@type\":\"ReadAction\",\"target\":[\"https:\/\/montenegrodolphinresearch.org\/me\/nasa-istrazivanja\/istocni-mediteran\/dolphins-of-the-istanbul-strait\/\"]}]},{\"@type\":\"ImageObject\",\"inLanguage\":\"me-CG\",\"@id\":\"https:\/\/montenegrodolphinresearch.org\/me\/nasa-istrazivanja\/istocni-mediteran\/dolphins-of-the-istanbul-strait\/#primaryimage\",\"url\":\"https:\/\/montenegrodolphinresearch.org\/wp-content\/uploads\/Ist2-1920w-1024x684.webp\",\"contentUrl\":\"https:\/\/montenegrodolphinresearch.org\/wp-content\/uploads\/Ist2-1920w-1024x684.webp\"},{\"@type\":\"BreadcrumbList\",\"@id\":\"https:\/\/montenegrodolphinresearch.org\/me\/nasa-istrazivanja\/istocni-mediteran\/dolphins-of-the-istanbul-strait\/#breadcrumb\",\"itemListElement\":[{\"@type\":\"ListItem\",\"position\":1,\"name\":\"Anasayfa\",\"item\":\"https:\/\/montenegrodolphinresearch.org\/\"},{\"@type\":\"ListItem\",\"position\":2,\"name\":\"Na\u0161a istra\u017eivanja\",\"item\":\"https:\/\/montenegrodolphinresearch.org\/me\/nasa-istrazivanja\/\"},{\"@type\":\"ListItem\",\"position\":3,\"name\":\"Isto\u010dni Mediteran\",\"item\":\"https:\/\/montenegrodolphinresearch.org\/me\/nasa-istrazivanja\/istocni-mediteran\/\"},{\"@type\":\"ListItem\",\"position\":4,\"name\":\"Delfini Istanbulskog moreuza\"}]},{\"@type\":\"WebSite\",\"@id\":\"https:\/\/montenegrodolphinresearch.org\/#website\",\"url\":\"https:\/\/montenegrodolphinresearch.org\/\",\"name\":\"Deniz Memelileri Ara\u015ft\u0131rma Derne\u011fi\",\"description\":\"\",\"publisher\":{\"@id\":\"https:\/\/montenegrodolphinresearch.org\/#organization\"},\"alternateName\":\"DMAD\",\"potentialAction\":[{\"@type\":\"SearchAction\",\"target\":{\"@type\":\"EntryPoint\",\"urlTemplate\":\"https:\/\/montenegrodolphinresearch.org\/?s={search_term_string}\"},\"query-input\":{\"@type\":\"PropertyValueSpecification\",\"valueRequired\":true,\"valueName\":\"search_term_string\"}}],\"inLanguage\":\"me-CG\"},{\"@type\":\"Organization\",\"@id\":\"https:\/\/montenegrodolphinresearch.org\/#organization\",\"name\":\"Deniz Memelileri Ara\u015ft\u0131rma Derne\u011fi\",\"alternateName\":\"DMAD\",\"url\":\"https:\/\/montenegrodolphinresearch.org\/\",\"logo\":{\"@type\":\"ImageObject\",\"inLanguage\":\"me-CG\",\"@id\":\"https:\/\/montenegrodolphinresearch.org\/#\/schema\/logo\/image\/\",\"url\":\"https:\/\/montenegrodolphinresearch.org\/wp-content\/uploads\/logo.png\",\"contentUrl\":\"https:\/\/montenegrodolphinresearch.org\/wp-content\/uploads\/logo.png\",\"width\":140,\"height\":140,\"caption\":\"Deniz Memelileri Ara\u015ft\u0131rma Derne\u011fi\"},\"image\":{\"@id\":\"https:\/\/montenegrodolphinresearch.org\/#\/schema\/logo\/image\/\"},\"sameAs\":[\"https:\/\/www.facebook.com\/DMADforNature\/\",\"https:\/\/x.com\/DMADforNature\",\"https:\/\/www.instagram.com\/dmadfornature\/\"]}]}<\/script>\n<!-- \/ Yoast SEO plugin. -->","yoast_head_json":{"title":"Delfini Istanbulskog moreuza | Montenegro Dolphin Research","robots":{"index":"index","follow":"follow","max-snippet":"max-snippet:-1","max-image-preview":"max-image-preview:large","max-video-preview":"max-video-preview:-1"},"canonical":"https:\/\/montenegrodolphinresearch.org\/me\/nasa-istrazivanja\/istocni-mediteran\/dolphins-of-the-istanbul-strait\/","og_locale":"en_US","og_type":"article","og_title":"Delfini Istanbulskog moreuza | Montenegro Dolphin Research","og_description":"Delfini Istanbulskog moreuza Pra\u0107enje morskih sisara u podru\u010dju intenzivnog pomorskog saobra\u0107aja Na\u0161 rad u saradnji sa WWF-om Turska obuhvata cijeli Istanbulski moreuz, podru\u010dje izuzetno intenzivnog pomorskog saobra\u0107aja, gdje prikupljamo fotografije za a\u017euriranje kataloga foto-identifikacije koji se vodi vi\u0161e od deset godina. Ove fotografije se upore\u0111uju sa postoje\u0107im katalogom kako bi se utvrdilo da li iste jedinke delfina i pliskavica koriste moreuz, te da li se zadr\u017eavaju u jednom dijelu moreuza ili se kre\u0107u izme\u0111u razli\u010ditih podru\u010dja. Tako\u0111e prikupljamo podatke o pona\u0161anju kako bismo utvrdili da li na pona\u0161anje delfina uti\u010de prisustvo intenzivnog pomorskog saobra\u0107aja.","og_url":"https:\/\/montenegrodolphinresearch.org\/me\/nasa-istrazivanja\/istocni-mediteran\/dolphins-of-the-istanbul-strait\/","og_site_name":"Montenegro Dolphin Research","article_publisher":"https:\/\/www.facebook.com\/DMADforNature\/","article_modified_time":"2025-06-18T12:28:25+00:00","og_image":[{"width":1600,"height":1068,"url":"https:\/\/montenegrodolphinresearch.org\/wp-content\/uploads\/Ist2-1920w.webp","type":"image\/webp"}],"twitter_card":"summary_large_image","twitter_site":"@DMADforNature","twitter_misc":{"Est. reading time":"1 minute"},"schema":{"@context":"https:\/\/schema.org","@graph":[{"@type":"WebPage","@id":"https:\/\/montenegrodolphinresearch.org\/me\/nasa-istrazivanja\/istocni-mediteran\/dolphins-of-the-istanbul-strait\/","url":"https:\/\/montenegrodolphinresearch.org\/me\/nasa-istrazivanja\/istocni-mediteran\/dolphins-of-the-istanbul-strait\/","name":"Delfini Istanbulskog moreuza | Montenegro Dolphin Research","isPartOf":{"@id":"https:\/\/montenegrodolphinresearch.org\/#website"},"primaryImageOfPage":{"@id":"https:\/\/montenegrodolphinresearch.org\/me\/nasa-istrazivanja\/istocni-mediteran\/dolphins-of-the-istanbul-strait\/#primaryimage"},"image":{"@id":"https:\/\/montenegrodolphinresearch.org\/me\/nasa-istrazivanja\/istocni-mediteran\/dolphins-of-the-istanbul-strait\/#primaryimage"},"thumbnailUrl":"https:\/\/montenegrodolphinresearch.org\/wp-content\/uploads\/Ist2-1920w-1024x684.webp","datePublished":"2023-04-26T09:07:23+00:00","dateModified":"2025-06-18T12:28:25+00:00","breadcrumb":{"@id":"https:\/\/montenegrodolphinresearch.org\/me\/nasa-istrazivanja\/istocni-mediteran\/dolphins-of-the-istanbul-strait\/#breadcrumb"},"inLanguage":"me-CG","potentialAction":[{"@type":"ReadAction","target":["https:\/\/montenegrodolphinresearch.org\/me\/nasa-istrazivanja\/istocni-mediteran\/dolphins-of-the-istanbul-strait\/"]}]},{"@type":"ImageObject","inLanguage":"me-CG","@id":"https:\/\/montenegrodolphinresearch.org\/me\/nasa-istrazivanja\/istocni-mediteran\/dolphins-of-the-istanbul-strait\/#primaryimage","url":"https:\/\/montenegrodolphinresearch.org\/wp-content\/uploads\/Ist2-1920w-1024x684.webp","contentUrl":"https:\/\/montenegrodolphinresearch.org\/wp-content\/uploads\/Ist2-1920w-1024x684.webp"},{"@type":"BreadcrumbList","@id":"https:\/\/montenegrodolphinresearch.org\/me\/nasa-istrazivanja\/istocni-mediteran\/dolphins-of-the-istanbul-strait\/#breadcrumb","itemListElement":[{"@type":"ListItem","position":1,"name":"Anasayfa","item":"https:\/\/montenegrodolphinresearch.org\/"},{"@type":"ListItem","position":2,"name":"Na\u0161a istra\u017eivanja","item":"https:\/\/montenegrodolphinresearch.org\/me\/nasa-istrazivanja\/"},{"@type":"ListItem","position":3,"name":"Isto\u010dni Mediteran","item":"https:\/\/montenegrodolphinresearch.org\/me\/nasa-istrazivanja\/istocni-mediteran\/"},{"@type":"ListItem","position":4,"name":"Delfini Istanbulskog moreuza"}]},{"@type":"WebSite","@id":"https:\/\/montenegrodolphinresearch.org\/#website","url":"https:\/\/montenegrodolphinresearch.org\/","name":"Deniz Memelileri Ara\u015ft\u0131rma Derne\u011fi","description":"","publisher":{"@id":"https:\/\/montenegrodolphinresearch.org\/#organization"},"alternateName":"DMAD","potentialAction":[{"@type":"SearchAction","target":{"@type":"EntryPoint","urlTemplate":"https:\/\/montenegrodolphinresearch.org\/?s={search_term_string}"},"query-input":{"@type":"PropertyValueSpecification","valueRequired":true,"valueName":"search_term_string"}}],"inLanguage":"me-CG"},{"@type":"Organization","@id":"https:\/\/montenegrodolphinresearch.org\/#organization","name":"Deniz Memelileri Ara\u015ft\u0131rma Derne\u011fi","alternateName":"DMAD","url":"https:\/\/montenegrodolphinresearch.org\/","logo":{"@type":"ImageObject","inLanguage":"me-CG","@id":"https:\/\/montenegrodolphinresearch.org\/#\/schema\/logo\/image\/","url":"https:\/\/montenegrodolphinresearch.org\/wp-content\/uploads\/logo.png","contentUrl":"https:\/\/montenegrodolphinresearch.org\/wp-content\/uploads\/logo.png","width":140,"height":140,"caption":"Deniz Memelileri Ara\u015ft\u0131rma Derne\u011fi"},"image":{"@id":"https:\/\/montenegrodolphinresearch.org\/#\/schema\/logo\/image\/"},"sameAs":["https:\/\/www.facebook.com\/DMADforNature\/","https:\/\/x.com\/DMADforNature","https:\/\/www.instagram.com\/dmadfornature\/"]}]}},"_links":{"self":[{"href":"https:\/\/montenegrodolphinresearch.org\/me\/wp-json\/wp\/v2\/pages\/8433","targetHints":{"allow":["GET"]}}],"collection":[{"href":"https:\/\/montenegrodolphinresearch.org\/me\/wp-json\/wp\/v2\/pages"}],"about":[{"href":"https:\/\/montenegrodolphinresearch.org\/me\/wp-json\/wp\/v2\/types\/page"}],"author":[{"embeddable":true,"href":"https:\/\/montenegrodolphinresearch.org\/me\/wp-json\/wp\/v2\/users\/5"}],"replies":[{"embeddable":true,"href":"https:\/\/montenegrodolphinresearch.org\/me\/wp-json\/wp\/v2\/comments?post=8433"}],"version-history":[{"count":4,"href":"https:\/\/montenegrodolphinresearch.org\/me\/wp-json\/wp\/v2\/pages\/8433\/revisions"}],"predecessor-version":[{"id":8437,"href":"https:\/\/montenegrodolphinresearch.org\/me\/wp-json\/wp\/v2\/pages\/8433\/revisions\/8437"}],"up":[{"embeddable":true,"href":"https:\/\/montenegrodolphinresearch.org\/me\/wp-json\/wp\/v2\/pages\/8400"}],"wp:attachment":[{"href":"https:\/\/montenegrodolphinresearch.org\/me\/wp-json\/wp\/v2\/media?parent=8433"}],"curies":[{"name":"wp","href":"https:\/\/api.w.org\/{rel}","templated":true}]}}